{"id":99,"date":"2015-10-29T13:31:00","date_gmt":"2015-10-29T17:31:00","guid":{"rendered":"http:\/\/www.outils-concept.com\/index2.php\/en\/?page_id=99"},"modified":"2023-12-15T20:50:04","modified_gmt":"2023-12-16T01:50:04","slug":"our-objectives","status":"publish","type":"page","link":"https:\/\/outils-concept.com\/en\/about-us\/our-objectives\/","title":{"rendered":"Our objectives"},"content":{"rendered":"<div class=\"wpb-content-wrapper\">[vc_row][vc_column width=&#8221;2\/3&#8243;][vc_column_text css=&#8221;.vc_custom_1702691403840{margin-bottom: 0px !important;}&#8221;]\n<h3>Offering a complete service in making tooling<\/h3>\n<ul class=\"list-slash\">\n<li>Design from electronic file, from drawing or from a sample<\/li>\n<li>Manufacturing tools to your specifications<\/li>\n<li>Modifying or repairing existent tooling<\/li>\n<li>Trouble shooting in tooling<\/li>\n<li>Urgent services<\/li>\n<\/ul>\n<h3>Offering a specialize machining service<\/h3>\n<ul class=\"list-slash\">\n<li>Precise machining<\/li>\n<li>Machining complex and equipment part<\/li>\n<li>Machining small lot size<\/li>\n<li>Machining prototype part<\/li>\n<li>Cutting by Wire EDM<\/li>\n<\/ul>\n<h3>Offering a Quality service<\/h3>\n<ul class=\"list-slash\">\n<li>We are using ISO 9000 quality elements<\/li>\n<li>We are using ISO\/IEC 17025:2017 for the testing laboratory on CMM measurement<\/li>\n<li>Using our service will prove it right<\/li>\n<\/ul>\n[\/vc_column_text][\/vc_column][vc_column width=&#8221;1\/3&#8243;][\/vc_column][\/vc_row]\n<\/div>","protected":false},"excerpt":{"rendered":"<p>[vc_row][vc_column width=&#8221;2\/3&#8243;][vc_column_text css=&#8221;.vc_custom_1702691403840{margin-bottom: 0px !important;}&#8221;] Offering a complete service in making tooling Design from electronic file, from drawing or from a sample Manufacturing tools to your specifications Modifying or repairing existent tooling Trouble shooting in tooling Urgent services Offering a specialize machining service Precise machining Machining complex and equipment part Machining small lot size Machining [&hellip;]<\/p>\n","protected":false},"author":1,"featured_media":0,"parent":150,"menu_order":0,"comment_status":"closed","ping_status":"closed","template":"","meta":{"inline_featured_image":false,"footnotes":""},"class_list":["post-99","page","type-page","status-publish","hentry"],"yoast_head":"<!-- This site is optimized with the Yoast SEO plugin v27.1.1 - https:\/\/yoast.com\/product\/yoast-seo-wordpress\/ -->\n<title>Our objectives | Outils Concept<\/title>\n<meta name=\"description\" content=\"Situ\u00e9 \u00e0 Granby et Stukely en Estrie, Outils Concept est sp\u00e9cialis\u00e9 en conception et fabrication de poin\u00e7ons matrices.\" \/>\n<meta name=\"robots\" content=\"index, follow, max-snippet:-1, max-image-preview:large, max-video-preview:-1\" \/>\n<link rel=\"canonical\" href=\"https:\/\/outils-concept.com\/en\/about-us\/our-objectives\/\" \/>\n<meta property=\"og:locale\" content=\"en_US\" \/>\n<meta property=\"og:type\" content=\"article\" \/>\n<meta property=\"og:title\" content=\"Our objectives | Outils Concept\" \/>\n<meta property=\"og:description\" content=\"Situ\u00e9 \u00e0 Granby et Stukely en Estrie, Outils Concept est sp\u00e9cialis\u00e9 en conception et fabrication de poin\u00e7ons matrices.\" \/>\n<meta property=\"og:url\" content=\"https:\/\/outils-concept.com\/en\/about-us\/our-objectives\/\" \/>\n<meta property=\"og:site_name\" content=\"Outils Concept\" \/>\n<meta property=\"article:publisher\" content=\"https:\/\/www.facebook.com\/Outils-Concept-Inc-275106689231492\/?fref=ts\" \/>\n<meta property=\"article:modified_time\" content=\"2023-12-16T01:50:04+00:00\" \/>\n<script type=\"application\/ld+json\" class=\"yoast-schema-graph\">{\"@context\":\"https:\/\/schema.org\",\"@graph\":[{\"@type\":\"WebPage\",\"@id\":\"https:\/\/outils-concept.com\/en\/about-us\/our-objectives\/\",\"url\":\"https:\/\/outils-concept.com\/en\/about-us\/our-objectives\/\",\"name\":\"Our objectives | Outils Concept\",\"isPartOf\":{\"@id\":\"https:\/\/outils-concept.com\/en\/#website\"},\"datePublished\":\"2015-10-29T17:31:00+00:00\",\"dateModified\":\"2023-12-16T01:50:04+00:00\",\"description\":\"Situ\u00e9 \u00e0 Granby et Stukely en Estrie, Outils Concept est sp\u00e9cialis\u00e9 en conception et fabrication de poin\u00e7ons matrices.\",\"breadcrumb\":{\"@id\":\"https:\/\/outils-concept.com\/en\/about-us\/our-objectives\/#breadcrumb\"},\"inLanguage\":\"en-CA\",\"potentialAction\":[{\"@type\":\"ReadAction\",\"target\":[\"https:\/\/outils-concept.com\/en\/about-us\/our-objectives\/\"]}]},{\"@type\":\"BreadcrumbList\",\"@id\":\"https:\/\/outils-concept.com\/en\/about-us\/our-objectives\/#breadcrumb\",\"itemListElement\":[{\"@type\":\"ListItem\",\"position\":1,\"name\":\"Outils Concept\",\"item\":\"https:\/\/outils-concept.com\/en\/\"},{\"@type\":\"ListItem\",\"position\":2,\"name\":\"About us\",\"item\":\"https:\/\/outils-concept.com\/en\/about-us\/\"},{\"@type\":\"ListItem\",\"position\":3,\"name\":\"Our objectives\"}]},{\"@type\":\"WebSite\",\"@id\":\"https:\/\/outils-concept.com\/en\/#website\",\"url\":\"https:\/\/outils-concept.com\/en\/\",\"name\":\"Outils Concept\",\"description\":\"\",\"publisher\":{\"@id\":\"https:\/\/outils-concept.com\/en\/#organization\"},\"potentialAction\":[{\"@type\":\"SearchAction\",\"target\":{\"@type\":\"EntryPoint\",\"urlTemplate\":\"https:\/\/outils-concept.com\/en\/?s={search_term_string}\"},\"query-input\":{\"@type\":\"PropertyValueSpecification\",\"valueRequired\":true,\"valueName\":\"search_term_string\"}}],\"inLanguage\":\"en-CA\"},{\"@type\":\"Organization\",\"@id\":\"https:\/\/outils-concept.com\/en\/#organization\",\"name\":\"Outils Concept\",\"url\":\"https:\/\/outils-concept.com\/en\/\",\"logo\":{\"@type\":\"ImageObject\",\"inLanguage\":\"en-CA\",\"@id\":\"https:\/\/outils-concept.com\/en\/#\/schema\/logo\/image\/\",\"url\":\"https:\/\/outils-concept.com\/wp-content\/uploads\/logo-outils-concept.png\",\"contentUrl\":\"https:\/\/outils-concept.com\/wp-content\/uploads\/logo-outils-concept.png\",\"width\":270,\"height\":134,\"caption\":\"Outils Concept\"},\"image\":{\"@id\":\"https:\/\/outils-concept.com\/en\/#\/schema\/logo\/image\/\"},\"sameAs\":[\"https:\/\/www.facebook.com\/Outils-Concept-Inc-275106689231492\/?fref=ts\"]}]}<\/script>\n<!-- \/ Yoast SEO plugin. -->","yoast_head_json":{"title":"Our objectives | Outils Concept","description":"Situ\u00e9 \u00e0 Granby et Stukely en Estrie, Outils Concept est sp\u00e9cialis\u00e9 en conception et fabrication de poin\u00e7ons matrices.","robots":{"index":"index","follow":"follow","max-snippet":"max-snippet:-1","max-image-preview":"max-image-preview:large","max-video-preview":"max-video-preview:-1"},"canonical":"https:\/\/outils-concept.com\/en\/about-us\/our-objectives\/","og_locale":"en_US","og_type":"article","og_title":"Our objectives | Outils Concept","og_description":"Situ\u00e9 \u00e0 Granby et Stukely en Estrie, Outils Concept est sp\u00e9cialis\u00e9 en conception et fabrication de poin\u00e7ons matrices.","og_url":"https:\/\/outils-concept.com\/en\/about-us\/our-objectives\/","og_site_name":"Outils Concept","article_publisher":"https:\/\/www.facebook.com\/Outils-Concept-Inc-275106689231492\/?fref=ts","article_modified_time":"2023-12-16T01:50:04+00:00","schema":{"@context":"https:\/\/schema.org","@graph":[{"@type":"WebPage","@id":"https:\/\/outils-concept.com\/en\/about-us\/our-objectives\/","url":"https:\/\/outils-concept.com\/en\/about-us\/our-objectives\/","name":"Our objectives | Outils Concept","isPartOf":{"@id":"https:\/\/outils-concept.com\/en\/#website"},"datePublished":"2015-10-29T17:31:00+00:00","dateModified":"2023-12-16T01:50:04+00:00","description":"Situ\u00e9 \u00e0 Granby et Stukely en Estrie, Outils Concept est sp\u00e9cialis\u00e9 en conception et fabrication de poin\u00e7ons matrices.","breadcrumb":{"@id":"https:\/\/outils-concept.com\/en\/about-us\/our-objectives\/#breadcrumb"},"inLanguage":"en-CA","potentialAction":[{"@type":"ReadAction","target":["https:\/\/outils-concept.com\/en\/about-us\/our-objectives\/"]}]},{"@type":"BreadcrumbList","@id":"https:\/\/outils-concept.com\/en\/about-us\/our-objectives\/#breadcrumb","itemListElement":[{"@type":"ListItem","position":1,"name":"Outils Concept","item":"https:\/\/outils-concept.com\/en\/"},{"@type":"ListItem","position":2,"name":"About us","item":"https:\/\/outils-concept.com\/en\/about-us\/"},{"@type":"ListItem","position":3,"name":"Our objectives"}]},{"@type":"WebSite","@id":"https:\/\/outils-concept.com\/en\/#website","url":"https:\/\/outils-concept.com\/en\/","name":"Outils Concept","description":"","publisher":{"@id":"https:\/\/outils-concept.com\/en\/#organization"},"potentialAction":[{"@type":"SearchAction","target":{"@type":"EntryPoint","urlTemplate":"https:\/\/outils-concept.com\/en\/?s={search_term_string}"},"query-input":{"@type":"PropertyValueSpecification","valueRequired":true,"valueName":"search_term_string"}}],"inLanguage":"en-CA"},{"@type":"Organization","@id":"https:\/\/outils-concept.com\/en\/#organization","name":"Outils Concept","url":"https:\/\/outils-concept.com\/en\/","logo":{"@type":"ImageObject","inLanguage":"en-CA","@id":"https:\/\/outils-concept.com\/en\/#\/schema\/logo\/image\/","url":"https:\/\/outils-concept.com\/wp-content\/uploads\/logo-outils-concept.png","contentUrl":"https:\/\/outils-concept.com\/wp-content\/uploads\/logo-outils-concept.png","width":270,"height":134,"caption":"Outils Concept"},"image":{"@id":"https:\/\/outils-concept.com\/en\/#\/schema\/logo\/image\/"},"sameAs":["https:\/\/www.facebook.com\/Outils-Concept-Inc-275106689231492\/?fref=ts"]}]}},"_links":{"self":[{"href":"https:\/\/outils-concept.com\/en\/wp-json\/wp\/v2\/pages\/99","targetHints":{"allow":["GET"]}}],"collection":[{"href":"https:\/\/outils-concept.com\/en\/wp-json\/wp\/v2\/pages"}],"about":[{"href":"https:\/\/outils-concept.com\/en\/wp-json\/wp\/v2\/types\/page"}],"author":[{"embeddable":true,"href":"https:\/\/outils-concept.com\/en\/wp-json\/wp\/v2\/users\/1"}],"replies":[{"embeddable":true,"href":"https:\/\/outils-concept.com\/en\/wp-json\/wp\/v2\/comments?post=99"}],"version-history":[{"count":8,"href":"https:\/\/outils-concept.com\/en\/wp-json\/wp\/v2\/pages\/99\/revisions"}],"predecessor-version":[{"id":760,"href":"https:\/\/outils-concept.com\/en\/wp-json\/wp\/v2\/pages\/99\/revisions\/760"}],"up":[{"embeddable":true,"href":"https:\/\/outils-concept.com\/en\/wp-json\/wp\/v2\/pages\/150"}],"wp:attachment":[{"href":"https:\/\/outils-concept.com\/en\/wp-json\/wp\/v2\/media?parent=99"}],"curies":[{"name":"wp","href":"https:\/\/api.w.org\/{rel}","templated":true}]}}