{"id":182,"date":"2015-11-10T11:53:26","date_gmt":"2015-11-10T16:53:26","guid":{"rendered":"http:\/\/www.outils-concept.com\/index2.php\/en\/?page_id=182"},"modified":"2016-01-19T12:00:36","modified_gmt":"2016-01-19T17:00:36","slug":"quote","status":"publish","type":"page","link":"https:\/\/outils-concept.com\/en\/quote\/","title":{"rendered":"Quote"},"content":{"rendered":"<div class=\"wpb-content-wrapper\">[vc_row][vc_column]\n<div class=\"wpcf7 no-js\" id=\"wpcf7-f533-o1\" lang=\"en-US\" dir=\"ltr\" data-wpcf7-id=\"533\">\n<div class=\"screen-reader-response\"><p role=\"status\" aria-live=\"polite\" aria-atomic=\"true\"><\/p> <ul><\/ul><\/div>\n<form action=\"\/en\/wp-json\/wp\/v2\/pages\/182#wpcf7-f533-o1\" method=\"post\" class=\"wpcf7-form init\" aria-label=\"Contact form\" enctype=\"multipart\/form-data\" novalidate=\"novalidate\" data-status=\"init\">\n<fieldset class=\"hidden-fields-container\"><input type=\"hidden\" name=\"_wpcf7\" value=\"533\" \/><input type=\"hidden\" name=\"_wpcf7_version\" value=\"6.1.5\" \/><input type=\"hidden\" name=\"_wpcf7_locale\" value=\"en_US\" \/><input type=\"hidden\" name=\"_wpcf7_unit_tag\" value=\"wpcf7-f533-o1\" \/><input type=\"hidden\" name=\"_wpcf7_container_post\" value=\"0\" \/><input type=\"hidden\" name=\"_wpcf7_posted_data_hash\" value=\"\" \/><input type=\"hidden\" name=\"_wpcf7_recaptcha_response\" value=\"\" \/>\n<\/fieldset>\n<div class=\"wpb_row vc_row  vc_row-fluid  mk-fullwidth-false  attched-false vc_row-fluid\">\n\t<div class=\"vc_col-sm-6\">\n\t\t<p><span class=\"wpcf7-form-control-wrap\" data-name=\"entreprise\"><input size=\"40\" maxlength=\"400\" class=\"wpcf7-form-control wpcf7-text wpcf7-validates-as-required\" aria-required=\"true\" aria-invalid=\"false\" placeholder=\"Company *\" value=\"\" type=\"text\" name=\"entreprise\" \/><\/span>\n\t\t<\/p>\n\t\t<p><span class=\"wpcf7-form-control-wrap\" data-name=\"adresse\"><input size=\"40\" maxlength=\"400\" class=\"wpcf7-form-control wpcf7-text\" aria-invalid=\"false\" placeholder=\"Address\" value=\"\" type=\"text\" name=\"adresse\" \/><\/span>\n\t\t<\/p>\n\t\t<p><span class=\"wpcf7-form-control-wrap\" data-name=\"province\"><input size=\"40\" maxlength=\"400\" class=\"wpcf7-form-control wpcf7-text\" aria-invalid=\"false\" placeholder=\"Province \/ Country\" value=\"\" type=\"text\" name=\"province\" \/><\/span>\n\t\t<\/p>\n\t\t<p><span class=\"wpcf7-form-control-wrap\" data-name=\"telephone\"><input size=\"40\" maxlength=\"400\" class=\"wpcf7-form-control wpcf7-text wpcf7-validates-as-required\" aria-required=\"true\" aria-invalid=\"false\" placeholder=\"Phone *\" value=\"\" type=\"text\" name=\"telephone\" \/><\/span>\n\t\t<\/p>\n\t<\/div>\n\t<div class=\"vc_col-sm-6\">\n\t\t<p><span class=\"wpcf7-form-control-wrap\" data-name=\"contact\"><input size=\"40\" maxlength=\"400\" class=\"wpcf7-form-control wpcf7-text wpcf7-validates-as-required\" aria-required=\"true\" aria-invalid=\"false\" placeholder=\"Contact Name *\" value=\"\" type=\"text\" name=\"contact\" \/><\/span>\n\t\t<\/p>\n\t\t<p><span class=\"wpcf7-form-control-wrap\" data-name=\"ville\"><input size=\"40\" maxlength=\"400\" class=\"wpcf7-form-control wpcf7-text\" aria-invalid=\"false\" placeholder=\"City\" value=\"\" type=\"text\" name=\"ville\" \/><\/span>\n\t\t<\/p>\n\t\t<p><span class=\"wpcf7-form-control-wrap\" data-name=\"codepostal\"><input size=\"40\" maxlength=\"400\" class=\"wpcf7-form-control wpcf7-text\" aria-invalid=\"false\" placeholder=\"Postal Code\" value=\"\" type=\"text\" name=\"codepostal\" \/><\/span>\n\t\t<\/p>\n\t\t<p><span class=\"wpcf7-form-control-wrap\" data-name=\"courriel\"><input size=\"40\" maxlength=\"400\" class=\"wpcf7-form-control wpcf7-email wpcf7-validates-as-required wpcf7-text wpcf7-validates-as-email\" aria-required=\"true\" aria-invalid=\"false\" placeholder=\"Email *\" value=\"\" type=\"email\" name=\"courriel\" \/><\/span>\n\t\t<\/p>\n\t<\/div>\n\t<div class=\"vc_col-sm-12\">\n\t\t<p><span class=\"wpcf7-form-control-wrap\" data-name=\"description\"><textarea cols=\"40\" rows=\"10\" maxlength=\"2000\" class=\"wpcf7-form-control wpcf7-textarea\" aria-invalid=\"false\" placeholder=\"Description\" name=\"description\"><\/textarea><\/span>\n\t\t<\/p>\n\t\t<p><strong>Attach a file<\/strong>\n\t\t<\/p>\n\t\t<p><span class=\"wpcf7-form-control-wrap\" data-name=\"fichier\"><input size=\"40\" class=\"wpcf7-form-control wpcf7-file\" accept=\".doc,.pdf,.docx,.jpg,.jpeg\" aria-invalid=\"false\" type=\"file\" name=\"fichier\" \/><\/span>\n\t\t<\/p>\n\t<span class=\"wpcf7-form-control-wrap recaptcha\" data-name=\"recaptcha\"><span data-sitekey=\"6LfhLTMpAAAAAOyvNuyCHcN8Gfxn4vRyUIb5MU06\" class=\"wpcf7-form-control wpcf7-recaptcha g-recaptcha\"><\/span>\r\n<noscript>\r\n\t<div class=\"grecaptcha-noscript\">\r\n\t\t<iframe loading=\"lazy\" src=\"https:\/\/www.google.com\/recaptcha\/api\/fallback?k=6LfhLTMpAAAAAOyvNuyCHcN8Gfxn4vRyUIb5MU06\" frameborder=\"0\" scrolling=\"no\" width=\"310\" height=\"430\">\r\n\t\t<\/iframe>\r\n\t\t<textarea name=\"g-recaptcha-response\" rows=\"3\" cols=\"40\" placeholder=\"reCaptcha Response Here\">\r\n\t\t<\/textarea>\r\n\t<\/div>\r\n<\/noscript>\r\n<\/span>\n\t\t<p><input class=\"wpcf7-form-control wpcf7-submit has-spinner\" type=\"submit\" value=\"Submit\" \/>\n\t\t<\/p>\n\t<\/div>\n<\/div><div class=\"wpcf7-response-output\" aria-hidden=\"true\"><\/div>\n<\/form>\n<\/div>\n[\/vc_column][\/vc_row]\n<\/div>","protected":false},"excerpt":{"rendered":"<p>[vc_row][vc_column][\/vc_column][\/vc_row]<\/p>\n","protected":false},"author":1,"featured_media":0,"parent":0,"menu_order":0,"comment_status":"closed","ping_status":"closed","template":"","meta":{"inline_featured_image":false,"footnotes":""},"class_list":["post-182","page","type-page","status-publish","hentry"],"yoast_head":"<!-- This site is optimized with the Yoast SEO plugin v27.1.1 - https:\/\/yoast.com\/product\/yoast-seo-wordpress\/ -->\n<title>Quote | Outils Concept<\/title>\n<meta name=\"description\" content=\"Situ\u00e9 \u00e0 Granby et Stukely en Estrie, Outils Concept est sp\u00e9cialis\u00e9 en conception et fabrication de poin\u00e7ons matrices.\" \/>\n<meta name=\"robots\" content=\"index, follow, max-snippet:-1, max-image-preview:large, max-video-preview:-1\" \/>\n<link rel=\"canonical\" href=\"https:\/\/outils-concept.com\/en\/quote\/\" \/>\n<meta property=\"og:locale\" content=\"en_US\" \/>\n<meta property=\"og:type\" content=\"article\" \/>\n<meta property=\"og:title\" content=\"Quote | Outils Concept\" \/>\n<meta property=\"og:description\" content=\"Situ\u00e9 \u00e0 Granby et Stukely en Estrie, Outils Concept est sp\u00e9cialis\u00e9 en conception et fabrication de poin\u00e7ons matrices.\" \/>\n<meta property=\"og:url\" content=\"https:\/\/outils-concept.com\/en\/quote\/\" \/>\n<meta property=\"og:site_name\" content=\"Outils Concept\" \/>\n<meta property=\"article:publisher\" content=\"https:\/\/www.facebook.com\/Outils-Concept-Inc-275106689231492\/?fref=ts\" \/>\n<meta property=\"article:modified_time\" content=\"2016-01-19T17:00:36+00:00\" \/>\n<script type=\"application\/ld+json\" class=\"yoast-schema-graph\">{\"@context\":\"https:\/\/schema.org\",\"@graph\":[{\"@type\":\"WebPage\",\"@id\":\"https:\/\/outils-concept.com\/en\/quote\/\",\"url\":\"https:\/\/outils-concept.com\/en\/quote\/\",\"name\":\"Quote | Outils Concept\",\"isPartOf\":{\"@id\":\"https:\/\/outils-concept.com\/en\/#website\"},\"datePublished\":\"2015-11-10T16:53:26+00:00\",\"dateModified\":\"2016-01-19T17:00:36+00:00\",\"description\":\"Situ\u00e9 \u00e0 Granby et Stukely en Estrie, Outils Concept est sp\u00e9cialis\u00e9 en conception et fabrication de poin\u00e7ons matrices.\",\"breadcrumb\":{\"@id\":\"https:\/\/outils-concept.com\/en\/quote\/#breadcrumb\"},\"inLanguage\":\"en-CA\",\"potentialAction\":[{\"@type\":\"ReadAction\",\"target\":[\"https:\/\/outils-concept.com\/en\/quote\/\"]}]},{\"@type\":\"BreadcrumbList\",\"@id\":\"https:\/\/outils-concept.com\/en\/quote\/#breadcrumb\",\"itemListElement\":[{\"@type\":\"ListItem\",\"position\":1,\"name\":\"Outils Concept\",\"item\":\"https:\/\/outils-concept.com\/en\/\"},{\"@type\":\"ListItem\",\"position\":2,\"name\":\"Quote\"}]},{\"@type\":\"WebSite\",\"@id\":\"https:\/\/outils-concept.com\/en\/#website\",\"url\":\"https:\/\/outils-concept.com\/en\/\",\"name\":\"Outils Concept\",\"description\":\"\",\"publisher\":{\"@id\":\"https:\/\/outils-concept.com\/en\/#organization\"},\"potentialAction\":[{\"@type\":\"SearchAction\",\"target\":{\"@type\":\"EntryPoint\",\"urlTemplate\":\"https:\/\/outils-concept.com\/en\/?s={search_term_string}\"},\"query-input\":{\"@type\":\"PropertyValueSpecification\",\"valueRequired\":true,\"valueName\":\"search_term_string\"}}],\"inLanguage\":\"en-CA\"},{\"@type\":\"Organization\",\"@id\":\"https:\/\/outils-concept.com\/en\/#organization\",\"name\":\"Outils Concept\",\"url\":\"https:\/\/outils-concept.com\/en\/\",\"logo\":{\"@type\":\"ImageObject\",\"inLanguage\":\"en-CA\",\"@id\":\"https:\/\/outils-concept.com\/en\/#\/schema\/logo\/image\/\",\"url\":\"https:\/\/outils-concept.com\/wp-content\/uploads\/logo-outils-concept.png\",\"contentUrl\":\"https:\/\/outils-concept.com\/wp-content\/uploads\/logo-outils-concept.png\",\"width\":270,\"height\":134,\"caption\":\"Outils Concept\"},\"image\":{\"@id\":\"https:\/\/outils-concept.com\/en\/#\/schema\/logo\/image\/\"},\"sameAs\":[\"https:\/\/www.facebook.com\/Outils-Concept-Inc-275106689231492\/?fref=ts\"]}]}<\/script>\n<!-- \/ Yoast SEO plugin. -->","yoast_head_json":{"title":"Quote | Outils Concept","description":"Situ\u00e9 \u00e0 Granby et Stukely en Estrie, Outils Concept est sp\u00e9cialis\u00e9 en conception et fabrication de poin\u00e7ons matrices.","robots":{"index":"index","follow":"follow","max-snippet":"max-snippet:-1","max-image-preview":"max-image-preview:large","max-video-preview":"max-video-preview:-1"},"canonical":"https:\/\/outils-concept.com\/en\/quote\/","og_locale":"en_US","og_type":"article","og_title":"Quote | Outils Concept","og_description":"Situ\u00e9 \u00e0 Granby et Stukely en Estrie, Outils Concept est sp\u00e9cialis\u00e9 en conception et fabrication de poin\u00e7ons matrices.","og_url":"https:\/\/outils-concept.com\/en\/quote\/","og_site_name":"Outils Concept","article_publisher":"https:\/\/www.facebook.com\/Outils-Concept-Inc-275106689231492\/?fref=ts","article_modified_time":"2016-01-19T17:00:36+00:00","schema":{"@context":"https:\/\/schema.org","@graph":[{"@type":"WebPage","@id":"https:\/\/outils-concept.com\/en\/quote\/","url":"https:\/\/outils-concept.com\/en\/quote\/","name":"Quote | Outils Concept","isPartOf":{"@id":"https:\/\/outils-concept.com\/en\/#website"},"datePublished":"2015-11-10T16:53:26+00:00","dateModified":"2016-01-19T17:00:36+00:00","description":"Situ\u00e9 \u00e0 Granby et Stukely en Estrie, Outils Concept est sp\u00e9cialis\u00e9 en conception et fabrication de poin\u00e7ons matrices.","breadcrumb":{"@id":"https:\/\/outils-concept.com\/en\/quote\/#breadcrumb"},"inLanguage":"en-CA","potentialAction":[{"@type":"ReadAction","target":["https:\/\/outils-concept.com\/en\/quote\/"]}]},{"@type":"BreadcrumbList","@id":"https:\/\/outils-concept.com\/en\/quote\/#breadcrumb","itemListElement":[{"@type":"ListItem","position":1,"name":"Outils Concept","item":"https:\/\/outils-concept.com\/en\/"},{"@type":"ListItem","position":2,"name":"Quote"}]},{"@type":"WebSite","@id":"https:\/\/outils-concept.com\/en\/#website","url":"https:\/\/outils-concept.com\/en\/","name":"Outils Concept","description":"","publisher":{"@id":"https:\/\/outils-concept.com\/en\/#organization"},"potentialAction":[{"@type":"SearchAction","target":{"@type":"EntryPoint","urlTemplate":"https:\/\/outils-concept.com\/en\/?s={search_term_string}"},"query-input":{"@type":"PropertyValueSpecification","valueRequired":true,"valueName":"search_term_string"}}],"inLanguage":"en-CA"},{"@type":"Organization","@id":"https:\/\/outils-concept.com\/en\/#organization","name":"Outils Concept","url":"https:\/\/outils-concept.com\/en\/","logo":{"@type":"ImageObject","inLanguage":"en-CA","@id":"https:\/\/outils-concept.com\/en\/#\/schema\/logo\/image\/","url":"https:\/\/outils-concept.com\/wp-content\/uploads\/logo-outils-concept.png","contentUrl":"https:\/\/outils-concept.com\/wp-content\/uploads\/logo-outils-concept.png","width":270,"height":134,"caption":"Outils Concept"},"image":{"@id":"https:\/\/outils-concept.com\/en\/#\/schema\/logo\/image\/"},"sameAs":["https:\/\/www.facebook.com\/Outils-Concept-Inc-275106689231492\/?fref=ts"]}]}},"_links":{"self":[{"href":"https:\/\/outils-concept.com\/en\/wp-json\/wp\/v2\/pages\/182","targetHints":{"allow":["GET"]}}],"collection":[{"href":"https:\/\/outils-concept.com\/en\/wp-json\/wp\/v2\/pages"}],"about":[{"href":"https:\/\/outils-concept.com\/en\/wp-json\/wp\/v2\/types\/page"}],"author":[{"embeddable":true,"href":"https:\/\/outils-concept.com\/en\/wp-json\/wp\/v2\/users\/1"}],"replies":[{"embeddable":true,"href":"https:\/\/outils-concept.com\/en\/wp-json\/wp\/v2\/comments?post=182"}],"version-history":[{"count":3,"href":"https:\/\/outils-concept.com\/en\/wp-json\/wp\/v2\/pages\/182\/revisions"}],"predecessor-version":[{"id":534,"href":"https:\/\/outils-concept.com\/en\/wp-json\/wp\/v2\/pages\/182\/revisions\/534"}],"wp:attachment":[{"href":"https:\/\/outils-concept.com\/en\/wp-json\/wp\/v2\/media?parent=182"}],"curies":[{"name":"wp","href":"https:\/\/api.w.org\/{rel}","templated":true}]}}