{"id":156,"date":"2015-10-08T19:51:59","date_gmt":"2015-10-08T18:51:59","guid":{"rendered":"http:\/\/www.outils-concept.com\/index2.php\/en\/?page_id=156"},"modified":"2026-03-11T20:22:07","modified_gmt":"2026-03-12T00:22:07","slug":"page-d-exemple","status":"publish","type":"page","link":"https:\/\/outils-concept.com\/en\/","title":{"rendered":"Home"},"content":{"rendered":"<div class=\"wpb-content-wrapper\">[vc_row fullwidth=&#8221;true&#8221;][vc_column][mk_layerslider id=&#8221;2&#8243;][\/vc_column][\/vc_row][vc_row el_class=&#8221;home_box_wrap&#8221; css=&#8221;.vc_custom_1687400875407{padding-top: 50px !important;padding-right: 0px !important;padding-bottom: 0px !important;padding-left: 0px !important;}&#8221; id=&#8221;services-accueil-vc&#8221;][vc_column width=&#8221;1\/5&#8243;][vc_raw_html]JTNDZGl2JTIwY2xhc3MlM0QlMjJzZXJ2aWNlcy13cmFwcGVyJTIwYnQtc2VydmljZXMtdGl0bGUlMjIlM0UlM0NkaXYlMjBjbGFzcyUzRCUyMnNlcnZpY2VzLWNpcmNsZSUyMiUzRSUwQSUwQSUwOSUzQ2RpdiUyMGNsYXNzJTNEJTIyc2VydmljZS10aXRsZSUyMiUzRU91ciUzQ2JyJTJGJTNFc2VydmljZXMlM0MlMkZkaXYlM0UlMEElMDklM0MlMkZkaXYlM0UlMEElM0MlMkZkaXYlM0U=[\/vc_raw_html][\/vc_column][vc_column width=&#8221;1\/5&#8243;][vc_raw_html]JTNDYSUyMGhyZWYlM0QlMjIlMkZlbiUyRnNlcnZpY2VzJTJGZGVzaWduJTJGJTIyJTIwY2xhc3MlM0QlMjJzZXJ2aWNlcy13cmFwcGVyJTIyJTNFJTBBJTA5JTNDZGl2JTIwY2xhc3MlM0QlMjJzZXJ2aWNlcy1jaXJjbGUlMjIlM0UlMEElMDklMDklM0NkaXYlMjBjbGFzcyUzRCUyMnNlcnZpY2VzLWlubmVyLWNpcmNsZSUyMiUzRSUzQyUyRmRpdiUzRSUwQSUwOSUzQyUyRmRpdiUzRSUwQSUwOSUzQ2RpdiUyMGNsYXNzJTNEJTIyc2VydmljZXMtaWNvbnMlMjBpY29uLWdlbi1jb25jZXB0aW9uJTIyJTNFJTNDJTJGZGl2JTNFJTBBJTA5JTNDZGl2JTIwY2xhc3MlM0QlMjJzZXJ2aWNlLXRpdGxlJTIyJTNFRGVzaWduJTNDJTJGZGl2JTNFJTBBJTNDJTJGYSUzRQ==[\/vc_raw_html][\/vc_column][vc_column width=&#8221;1\/5&#8243; el_class=&#8221;accueil-clearfix-conditional&#8221;][vc_raw_html]JTNDYSUyMGhyZWYlM0QlMjIlMkZlbiUyRnNlcnZpY2VzJTJGbWFudWZhY3R1cmluZyUyRiUyMiUyMGNsYXNzJTNEJTIyc2VydmljZXMtd3JhcHBlciUyMiUzRSUwQSUwOSUzQ2RpdiUyMGNsYXNzJTNEJTIyc2VydmljZXMtY2lyY2xlJTIyJTNFJTBBJTA5JTA5JTNDZGl2JTIwY2xhc3MlM0QlMjJzZXJ2aWNlcy1pbm5lci1jaXJjbGUlMjIlM0UlM0MlMkZkaXYlM0UlMEElMDklM0MlMkZkaXYlM0UlMEElMDklM0NkaXYlMjBjbGFzcyUzRCUyMnNlcnZpY2VzLWljb25zJTIwaWNvbi1nZW4tZmFicmljYXRpb24lMjIlM0UlM0MlMkZkaXYlM0UlMEElMDklM0NkaXYlMjBjbGFzcyUzRCUyMnNlcnZpY2UtdGl0bGUlMjIlM0VNYW51ZmFjdHVyaW5nJTNDJTJGZGl2JTNFJTBBJTNDJTJGYSUzRQ==[\/vc_raw_html][\/vc_column][vc_column width=&#8221;1\/5&#8243;][vc_raw_html]JTNDYSUyMGhyZWYlM0QlMjIlMkZlbiUyRnNlcnZpY2VzJTJGc3RhbXBpbmclMkYlMjIlMjBjbGFzcyUzRCUyMnNlcnZpY2VzLXdyYXBwZXIlMjIlM0UlMEElMDklM0NkaXYlMjBjbGFzcyUzRCUyMnNlcnZpY2VzLWNpcmNsZSUyMiUzRSUwQSUwOSUwOSUzQ2RpdiUyMGNsYXNzJTNEJTIyc2VydmljZXMtaW5uZXItY2lyY2xlJTIyJTNFJTNDJTJGZGl2JTNFJTBBJTA5JTNDJTJGZGl2JTNFJTBBJTA5JTNDZGl2JTIwY2xhc3MlM0QlMjJzZXJ2aWNlcy1pY29ucyUyMGljb24tZ2VuLWVzdGFtcGFnZSUyMiUzRSUzQyUyRmRpdiUzRSUwQSUwOSUzQ2RpdiUyMGNsYXNzJTNEJTIyc2VydmljZS10aXRsZSUyMiUzRVN0YW1waW5nJTNDJTJGZGl2JTNFJTBBJTNDJTJGYSUzRQ==[\/vc_raw_html][\/vc_column][vc_column width=&#8221;1\/5&#8243; el_class=&#8221;home_box_last&#8221;][vc_raw_html]JTNDYSUyMGhyZWYlM0QlMjIlMkZlbiUyRnNlcnZpY2VzJTJGaW5zcGVjdGlvbiUyRiUyMiUyMGNsYXNzJTNEJTIyc2VydmljZXMtd3JhcHBlciUyMiUzRSUwQSUwOSUzQ2RpdiUyMGNsYXNzJTNEJTIyc2VydmljZXMtY2lyY2xlJTIyJTNFJTBBJTA5JTA5JTNDZGl2JTIwY2xhc3MlM0QlMjJzZXJ2aWNlcy1pbm5lci1jaXJjbGUlMjIlM0UlM0MlMkZkaXYlM0UlMEElMDklM0MlMkZkaXYlM0UlMEElMDklM0NkaXYlMjBjbGFzcyUzRCUyMnNlcnZpY2VzLWljb25zJTIwaWNvbi1nZW4taW5zcGVjdGlvbiUyMiUzRSUzQyUyRmRpdiUzRSUwQSUwOSUzQ2RpdiUyMGNsYXNzJTNEJTIyc2VydmljZS10aXRsZSUyMiUzRUluc3BlY3Rpb24lM0MlMkZkaXYlM0UlMEElM0MlMkZhJTNF[\/vc_raw_html][\/vc_column][\/vc_row][vc_row][vc_column width=&#8221;1\/4&#8243;][\/vc_column][vc_column width=&#8221;1\/4&#8243;][vc_single_image image=&#8221;750&#8243; img_size=&#8221;full&#8221; alignment=&#8221;center&#8221; onclick=&#8221;custom_link&#8221; img_link_target=&#8221;_blank&#8221; css=&#8221;.vc_custom_1773274915793{margin-bottom: 0px !important;border-bottom-width: 0px !important;padding-bottom: 0px !important;}&#8221; link=&#8221;https:\/\/outils-concept.com\/wp-content\/uploads\/01_ft-cs-9001_certificat_an_58189-1-04.pdf&#8221;][vc_column_text margin_bottom=&#8221;0&#8243; css=&#8221;.vc_custom_1773274924351{margin-bottom: 0px !important;}&#8221;]\n<p style=\"text-align: center; line-height: 1rem !important; margin-top: 15px;\"><a href=\"https:\/\/outils-concept.com\/wp-content\/uploads\/01_ft-cs-9001_certificat_an_58189-1-04.pdf\" target=\"_blank\" rel=\"noopener\"><small>Click to view the certificate and the scope of certification<\/small><\/a><\/p>\n[\/vc_column_text][\/vc_column][vc_column width=&#8221;1\/4&#8243;][vc_single_image image=&#8221;722&#8243; img_size=&#8221;full&#8221; alignment=&#8221;center&#8221; onclick=&#8221;custom_link&#8221; img_link_target=&#8221;_blank&#8221; css=&#8221;.vc_custom_1772365927990{margin-bottom: 0px !important;border-bottom-width: 0px !important;padding-bottom: 0px !important;}&#8221; link=&#8221;https:\/\/outils-concept.com\/wp-content\/uploads\/asb_soa_151309_v4_2026-02-25_en.pdf&#8221;][vc_column_text disable_pattern=&#8221;false&#8221; align=&#8221;center&#8221; el_class=&#8221;text-ccn&#8221; css=&#8221;.vc_custom_1772370295740{margin-bottom: 0px !important;}&#8221;]\n<h4>ISO 17025:2017<\/h4>\n[\/vc_column_text][vc_column_text css=&#8221;.vc_custom_1772370836610{margin-bottom: 0px !important;}&#8221;]\n<p style=\"text-align: center; line-height: 1rem !important; margin-top: 15px;\"><small><a href=\"https:\/\/outils-concept.com\/wp-content\/uploads\/asb_soa_151309_v4_2026-02-25_en.pdf\" target=\"_blank\" rel=\"noopener\">Click to view the certificate and the scope of certification<\/a><\/small><\/p>\n[\/vc_column_text][\/vc_column][vc_column width=&#8221;1\/4&#8243;][\/vc_column][\/vc_row]\n<\/div>","protected":false},"excerpt":{"rendered":"<p>[vc_row fullwidth=&#8221;true&#8221;][vc_column][mk_layerslider id=&#8221;2&#8243;][\/vc_column][\/vc_row][vc_row el_class=&#8221;home_box_wrap&#8221; css=&#8221;.vc_custom_1687400875407{padding-top: 50px !important;padding-right: 0px !important;padding-bottom: 0px !important;padding-left: 0px !important;}&#8221; id=&#8221;services-accueil-vc&#8221;][vc_column width=&#8221;1\/5&#8243;][vc_raw_html]JTNDZGl2JTIwY2xhc3MlM0QlMjJzZXJ2aWNlcy13cmFwcGVyJTIwYnQtc2VydmljZXMtdGl0bGUlMjIlM0UlM0NkaXYlMjBjbGFzcyUzRCUyMnNlcnZpY2VzLWNpcmNsZSUyMiUzRSUwQSUwQSUwOSUzQ2RpdiUyMGNsYXNzJTNEJTIyc2VydmljZS10aXRsZSUyMiUzRU91ciUzQ2JyJTJGJTNFc2VydmljZXMlM0MlMkZkaXYlM0UlMEElMDklM0MlMkZkaXYlM0UlMEElM0MlMkZkaXYlM0U=[\/vc_raw_html][\/vc_column][vc_column width=&#8221;1\/5&#8243;][vc_raw_html]JTNDYSUyMGhyZWYlM0QlMjIlMkZlbiUyRnNlcnZpY2VzJTJGZGVzaWduJTJGJTIyJTIwY2xhc3MlM0QlMjJzZXJ2aWNlcy13cmFwcGVyJTIyJTNFJTBBJTA5JTNDZGl2JTIwY2xhc3MlM0QlMjJzZXJ2aWNlcy1jaXJjbGUlMjIlM0UlMEElMDklMDklM0NkaXYlMjBjbGFzcyUzRCUyMnNlcnZpY2VzLWlubmVyLWNpcmNsZSUyMiUzRSUzQyUyRmRpdiUzRSUwQSUwOSUzQyUyRmRpdiUzRSUwQSUwOSUzQ2RpdiUyMGNsYXNzJTNEJTIyc2VydmljZXMtaWNvbnMlMjBpY29uLWdlbi1jb25jZXB0aW9uJTIyJTNFJTNDJTJGZGl2JTNFJTBBJTA5JTNDZGl2JTIwY2xhc3MlM0QlMjJzZXJ2aWNlLXRpdGxlJTIyJTNFRGVzaWduJTNDJTJGZGl2JTNFJTBBJTNDJTJGYSUzRQ==[\/vc_raw_html][\/vc_column][vc_column width=&#8221;1\/5&#8243; el_class=&#8221;accueil-clearfix-conditional&#8221;][vc_raw_html]JTNDYSUyMGhyZWYlM0QlMjIlMkZlbiUyRnNlcnZpY2VzJTJGbWFudWZhY3R1cmluZyUyRiUyMiUyMGNsYXNzJTNEJTIyc2VydmljZXMtd3JhcHBlciUyMiUzRSUwQSUwOSUzQ2RpdiUyMGNsYXNzJTNEJTIyc2VydmljZXMtY2lyY2xlJTIyJTNFJTBBJTA5JTA5JTNDZGl2JTIwY2xhc3MlM0QlMjJzZXJ2aWNlcy1pbm5lci1jaXJjbGUlMjIlM0UlM0MlMkZkaXYlM0UlMEElMDklM0MlMkZkaXYlM0UlMEElMDklM0NkaXYlMjBjbGFzcyUzRCUyMnNlcnZpY2VzLWljb25zJTIwaWNvbi1nZW4tZmFicmljYXRpb24lMjIlM0UlM0MlMkZkaXYlM0UlMEElMDklM0NkaXYlMjBjbGFzcyUzRCUyMnNlcnZpY2UtdGl0bGUlMjIlM0VNYW51ZmFjdHVyaW5nJTNDJTJGZGl2JTNFJTBBJTNDJTJGYSUzRQ==[\/vc_raw_html][\/vc_column][vc_column width=&#8221;1\/5&#8243;][vc_raw_html]JTNDYSUyMGhyZWYlM0QlMjIlMkZlbiUyRnNlcnZpY2VzJTJGc3RhbXBpbmclMkYlMjIlMjBjbGFzcyUzRCUyMnNlcnZpY2VzLXdyYXBwZXIlMjIlM0UlMEElMDklM0NkaXYlMjBjbGFzcyUzRCUyMnNlcnZpY2VzLWNpcmNsZSUyMiUzRSUwQSUwOSUwOSUzQ2RpdiUyMGNsYXNzJTNEJTIyc2VydmljZXMtaW5uZXItY2lyY2xlJTIyJTNFJTNDJTJGZGl2JTNFJTBBJTA5JTNDJTJGZGl2JTNFJTBBJTA5JTNDZGl2JTIwY2xhc3MlM0QlMjJzZXJ2aWNlcy1pY29ucyUyMGljb24tZ2VuLWVzdGFtcGFnZSUyMiUzRSUzQyUyRmRpdiUzRSUwQSUwOSUzQ2RpdiUyMGNsYXNzJTNEJTIyc2VydmljZS10aXRsZSUyMiUzRVN0YW1waW5nJTNDJTJGZGl2JTNFJTBBJTNDJTJGYSUzRQ==[\/vc_raw_html][\/vc_column][vc_column width=&#8221;1\/5&#8243; el_class=&#8221;home_box_last&#8221;][vc_raw_html]JTNDYSUyMGhyZWYlM0QlMjIlMkZlbiUyRnNlcnZpY2VzJTJGaW5zcGVjdGlvbiUyRiUyMiUyMGNsYXNzJTNEJTIyc2VydmljZXMtd3JhcHBlciUyMiUzRSUwQSUwOSUzQ2RpdiUyMGNsYXNzJTNEJTIyc2VydmljZXMtY2lyY2xlJTIyJTNFJTBBJTA5JTA5JTNDZGl2JTIwY2xhc3MlM0QlMjJzZXJ2aWNlcy1pbm5lci1jaXJjbGUlMjIlM0UlM0MlMkZkaXYlM0UlMEElMDklM0MlMkZkaXYlM0UlMEElMDklM0NkaXYlMjBjbGFzcyUzRCUyMnNlcnZpY2VzLWljb25zJTIwaWNvbi1nZW4taW5zcGVjdGlvbiUyMiUzRSUzQyUyRmRpdiUzRSUwQSUwOSUzQ2RpdiUyMGNsYXNzJTNEJTIyc2VydmljZS10aXRsZSUyMiUzRUluc3BlY3Rpb24lM0MlMkZkaXYlM0UlMEElM0MlMkZhJTNF[\/vc_raw_html][\/vc_column][\/vc_row][vc_row][vc_column width=&#8221;1\/4&#8243;][\/vc_column][vc_column width=&#8221;1\/4&#8243;][vc_single_image image=&#8221;750&#8243; img_size=&#8221;full&#8221; alignment=&#8221;center&#8221; onclick=&#8221;custom_link&#8221; img_link_target=&#8221;_blank&#8221; css=&#8221;.vc_custom_1773274915793{margin-bottom: 0px !important;border-bottom-width: 0px !important;padding-bottom: 0px !important;}&#8221; link=&#8221;https:\/\/outils-concept.com\/wp-content\/uploads\/01_ft-cs-9001_certificat_an_58189-1-04.pdf&#8221;][vc_column_text margin_bottom=&#8221;0&#8243; css=&#8221;.vc_custom_1773274924351{margin-bottom: 0px !important;}&#8221;] Click to view the certificate and the scope of certification [\/vc_column_text][\/vc_column][vc_column width=&#8221;1\/4&#8243;][vc_single_image image=&#8221;722&#8243; img_size=&#8221;full&#8221; alignment=&#8221;center&#8221; [&hellip;]<\/p>\n","protected":false},"author":1,"featured_media":0,"parent":0,"menu_order":0,"comment_status":"closed","ping_status":"closed","template":"","meta":{"inline_featured_image":false,"footnotes":""},"class_list":["post-156","page","type-page","status-publish","hentry"],"yoast_head":"<!-- This site is optimized with the Yoast SEO plugin v27.1.1 - https:\/\/yoast.com\/product\/yoast-seo-wordpress\/ -->\n<title>Home | Outils Concept<\/title>\n<meta name=\"description\" content=\"Situ\u00e9 \u00e0 Granby et Stukely en Estrie, Outils Concept est sp\u00e9cialis\u00e9 en conception et fabrication de poin\u00e7ons matrices.\" \/>\n<meta name=\"robots\" content=\"index, follow, max-snippet:-1, max-image-preview:large, max-video-preview:-1\" \/>\n<link rel=\"canonical\" href=\"https:\/\/outils-concept.com\/en\/\" \/>\n<meta property=\"og:locale\" content=\"en_US\" \/>\n<meta property=\"og:type\" content=\"article\" \/>\n<meta property=\"og:title\" content=\"Home | Outils Concept\" \/>\n<meta property=\"og:description\" content=\"Situ\u00e9 \u00e0 Granby et Stukely en Estrie, Outils Concept est sp\u00e9cialis\u00e9 en conception et fabrication de poin\u00e7ons matrices.\" \/>\n<meta property=\"og:url\" content=\"https:\/\/outils-concept.com\/en\/\" \/>\n<meta property=\"og:site_name\" content=\"Outils Concept\" \/>\n<meta property=\"article:publisher\" content=\"https:\/\/www.facebook.com\/Outils-Concept-Inc-275106689231492\/?fref=ts\" \/>\n<meta property=\"article:modified_time\" content=\"2026-03-12T00:22:07+00:00\" \/>\n<script type=\"application\/ld+json\" class=\"yoast-schema-graph\">{\"@context\":\"https:\/\/schema.org\",\"@graph\":[{\"@type\":\"WebPage\",\"@id\":\"https:\/\/outils-concept.com\/en\/\",\"url\":\"https:\/\/outils-concept.com\/en\/\",\"name\":\"Home | Outils Concept\",\"isPartOf\":{\"@id\":\"https:\/\/outils-concept.com\/en\/#website\"},\"datePublished\":\"2015-10-08T18:51:59+00:00\",\"dateModified\":\"2026-03-12T00:22:07+00:00\",\"description\":\"Situ\u00e9 \u00e0 Granby et Stukely en Estrie, Outils Concept est sp\u00e9cialis\u00e9 en conception et fabrication de poin\u00e7ons matrices.\",\"breadcrumb\":{\"@id\":\"https:\/\/outils-concept.com\/en\/#breadcrumb\"},\"inLanguage\":\"en-CA\",\"potentialAction\":[{\"@type\":\"ReadAction\",\"target\":[\"https:\/\/outils-concept.com\/en\/\"]}]},{\"@type\":\"BreadcrumbList\",\"@id\":\"https:\/\/outils-concept.com\/en\/#breadcrumb\",\"itemListElement\":[{\"@type\":\"ListItem\",\"position\":1,\"name\":\"Outils Concept\",\"item\":\"https:\/\/outils-concept.com\/en\/\"},{\"@type\":\"ListItem\",\"position\":2,\"name\":\"Home\"}]},{\"@type\":\"WebSite\",\"@id\":\"https:\/\/outils-concept.com\/en\/#website\",\"url\":\"https:\/\/outils-concept.com\/en\/\",\"name\":\"Outils Concept\",\"description\":\"\",\"publisher\":{\"@id\":\"https:\/\/outils-concept.com\/en\/#organization\"},\"potentialAction\":[{\"@type\":\"SearchAction\",\"target\":{\"@type\":\"EntryPoint\",\"urlTemplate\":\"https:\/\/outils-concept.com\/en\/?s={search_term_string}\"},\"query-input\":{\"@type\":\"PropertyValueSpecification\",\"valueRequired\":true,\"valueName\":\"search_term_string\"}}],\"inLanguage\":\"en-CA\"},{\"@type\":\"Organization\",\"@id\":\"https:\/\/outils-concept.com\/en\/#organization\",\"name\":\"Outils Concept\",\"url\":\"https:\/\/outils-concept.com\/en\/\",\"logo\":{\"@type\":\"ImageObject\",\"inLanguage\":\"en-CA\",\"@id\":\"https:\/\/outils-concept.com\/en\/#\/schema\/logo\/image\/\",\"url\":\"https:\/\/outils-concept.com\/wp-content\/uploads\/logo-outils-concept.png\",\"contentUrl\":\"https:\/\/outils-concept.com\/wp-content\/uploads\/logo-outils-concept.png\",\"width\":270,\"height\":134,\"caption\":\"Outils Concept\"},\"image\":{\"@id\":\"https:\/\/outils-concept.com\/en\/#\/schema\/logo\/image\/\"},\"sameAs\":[\"https:\/\/www.facebook.com\/Outils-Concept-Inc-275106689231492\/?fref=ts\"]}]}<\/script>\n<!-- \/ Yoast SEO plugin. -->","yoast_head_json":{"title":"Home | Outils Concept","description":"Situ\u00e9 \u00e0 Granby et Stukely en Estrie, Outils Concept est sp\u00e9cialis\u00e9 en conception et fabrication de poin\u00e7ons matrices.","robots":{"index":"index","follow":"follow","max-snippet":"max-snippet:-1","max-image-preview":"max-image-preview:large","max-video-preview":"max-video-preview:-1"},"canonical":"https:\/\/outils-concept.com\/en\/","og_locale":"en_US","og_type":"article","og_title":"Home | Outils Concept","og_description":"Situ\u00e9 \u00e0 Granby et Stukely en Estrie, Outils Concept est sp\u00e9cialis\u00e9 en conception et fabrication de poin\u00e7ons matrices.","og_url":"https:\/\/outils-concept.com\/en\/","og_site_name":"Outils Concept","article_publisher":"https:\/\/www.facebook.com\/Outils-Concept-Inc-275106689231492\/?fref=ts","article_modified_time":"2026-03-12T00:22:07+00:00","schema":{"@context":"https:\/\/schema.org","@graph":[{"@type":"WebPage","@id":"https:\/\/outils-concept.com\/en\/","url":"https:\/\/outils-concept.com\/en\/","name":"Home | Outils Concept","isPartOf":{"@id":"https:\/\/outils-concept.com\/en\/#website"},"datePublished":"2015-10-08T18:51:59+00:00","dateModified":"2026-03-12T00:22:07+00:00","description":"Situ\u00e9 \u00e0 Granby et Stukely en Estrie, Outils Concept est sp\u00e9cialis\u00e9 en conception et fabrication de poin\u00e7ons matrices.","breadcrumb":{"@id":"https:\/\/outils-concept.com\/en\/#breadcrumb"},"inLanguage":"en-CA","potentialAction":[{"@type":"ReadAction","target":["https:\/\/outils-concept.com\/en\/"]}]},{"@type":"BreadcrumbList","@id":"https:\/\/outils-concept.com\/en\/#breadcrumb","itemListElement":[{"@type":"ListItem","position":1,"name":"Outils Concept","item":"https:\/\/outils-concept.com\/en\/"},{"@type":"ListItem","position":2,"name":"Home"}]},{"@type":"WebSite","@id":"https:\/\/outils-concept.com\/en\/#website","url":"https:\/\/outils-concept.com\/en\/","name":"Outils Concept","description":"","publisher":{"@id":"https:\/\/outils-concept.com\/en\/#organization"},"potentialAction":[{"@type":"SearchAction","target":{"@type":"EntryPoint","urlTemplate":"https:\/\/outils-concept.com\/en\/?s={search_term_string}"},"query-input":{"@type":"PropertyValueSpecification","valueRequired":true,"valueName":"search_term_string"}}],"inLanguage":"en-CA"},{"@type":"Organization","@id":"https:\/\/outils-concept.com\/en\/#organization","name":"Outils Concept","url":"https:\/\/outils-concept.com\/en\/","logo":{"@type":"ImageObject","inLanguage":"en-CA","@id":"https:\/\/outils-concept.com\/en\/#\/schema\/logo\/image\/","url":"https:\/\/outils-concept.com\/wp-content\/uploads\/logo-outils-concept.png","contentUrl":"https:\/\/outils-concept.com\/wp-content\/uploads\/logo-outils-concept.png","width":270,"height":134,"caption":"Outils Concept"},"image":{"@id":"https:\/\/outils-concept.com\/en\/#\/schema\/logo\/image\/"},"sameAs":["https:\/\/www.facebook.com\/Outils-Concept-Inc-275106689231492\/?fref=ts"]}]}},"_links":{"self":[{"href":"https:\/\/outils-concept.com\/en\/wp-json\/wp\/v2\/pages\/156","targetHints":{"allow":["GET"]}}],"collection":[{"href":"https:\/\/outils-concept.com\/en\/wp-json\/wp\/v2\/pages"}],"about":[{"href":"https:\/\/outils-concept.com\/en\/wp-json\/wp\/v2\/types\/page"}],"author":[{"embeddable":true,"href":"https:\/\/outils-concept.com\/en\/wp-json\/wp\/v2\/users\/1"}],"replies":[{"embeddable":true,"href":"https:\/\/outils-concept.com\/en\/wp-json\/wp\/v2\/comments?post=156"}],"version-history":[{"count":19,"href":"https:\/\/outils-concept.com\/en\/wp-json\/wp\/v2\/pages\/156\/revisions"}],"predecessor-version":[{"id":793,"href":"https:\/\/outils-concept.com\/en\/wp-json\/wp\/v2\/pages\/156\/revisions\/793"}],"wp:attachment":[{"href":"https:\/\/outils-concept.com\/en\/wp-json\/wp\/v2\/media?parent=156"}],"curies":[{"name":"wp","href":"https:\/\/api.w.org\/{rel}","templated":true}]}}