{"id":152,"date":"2015-10-28T12:44:40","date_gmt":"2015-10-28T16:44:40","guid":{"rendered":"http:\/\/www.outils-concept.com\/index2.php\/en\/?page_id=152"},"modified":"2023-12-15T20:45:16","modified_gmt":"2023-12-16T01:45:16","slug":"contact-us","status":"publish","type":"page","link":"https:\/\/outils-concept.com\/en\/contact-us\/","title":{"rendered":"Contact us"},"content":{"rendered":"<div class=\"wpb-content-wrapper\">[vc_row][vc_column width=&#8221;1\/2&#8243;][vc_row_inner][vc_column_inner width=&#8221;1\/2&#8243;][mk_advanced_gmaps latitude=&#8221;45.3814313&#8243; longitude=&#8221;-72.7645363&#8243; address=&#8221;Outils Concept &#8211; Granby&#8221; height=&#8221;200&#8243; pan_control=&#8221;false&#8221; map_type_control=&#8221;false&#8221;][\/vc_column_inner][vc_column_inner width=&#8221;1\/2&#8243;][vc_column_text css=&#8221;.vc_custom_1694523681059{margin-bottom: 0px !important;}&#8221;]\n<h2>Granby<\/h2>\n<p>895, boulevard Industriel<br \/>\nGranby (Quebec) J2J 1A6<br \/>\nPhone: 450 777-7159<br \/>\nFax: 450 777-1591[\/vc_column_text][\/vc_column_inner][\/vc_row_inner][vc_row_inner css=&#8221;.vc_custom_1446055950607{margin-top: 20px !important;padding-top: 0px !important;padding-right: 0px !important;padding-bottom: 0px !important;padding-left: 0px !important;}&#8221;][vc_column_inner width=&#8221;1\/2&#8243;][mk_advanced_gmaps latitude=&#8221;45.3318257&#8243; longitude=&#8221;-72.4529045&#8243; address=&#8221;Outils Concept &#8211; Stukely Sud&#8221; height=&#8221;200&#8243; pan_control=&#8221;false&#8221; map_type_control=&#8221;false&#8221; zoom=&#8221;11&#8243;][\/vc_column_inner][vc_column_inner width=&#8221;1\/2&#8243;][vc_column_text css=&#8221;.vc_custom_1694523693700{margin-bottom: 0px !important;}&#8221;]\n<h2>Stukely Sud<\/h2>\n<p>2471, route 112<br \/>\nStukely Sud (Quebec) J0E 2J0<br \/>\nPhone: 450 539-5105<br \/>\nFax: 450 539-0922[\/vc_column_text][\/vc_column_inner][\/vc_row_inner][vc_row_inner css=&#8221;.vc_custom_1446055950607{margin-top: 20px !important;padding-top: 0px !important;padding-right: 0px !important;padding-bottom: 0px !important;padding-left: 0px !important;}&#8221;][vc_column_inner width=&#8221;1\/2&#8243;][mk_image src=&#8221;https:\/\/outils-concept.com\/wp-content\/uploads\/logo-toctooling.svg&#8221; svg=&#8221;true&#8221; link=&#8221;http:\/\/toctooling.com&#8221; target=&#8221;_blank&#8221;][\/vc_column_inner][vc_column_inner width=&#8221;1\/2&#8243;][vc_column_text css=&#8221;.vc_custom_1702691115403{margin-bottom: 0px !important;}&#8221;]\n<h2>USA<\/h2>\n<p><span class=\"sf-companyname\">Thompson Outils Concept LLC<br \/>\n<\/span>11040 State Rd. 101<br \/>\nBrookville, Indiana <span class=\"fMYBhe\">47012<\/span><br \/>\nPhone: 765 647-3451<br \/>\n<a href=\"http:\/\/toctooling.com\" target=\"_blank\" rel=\"noopener\"><strong>toctooling.com<\/strong><\/a>[\/vc_column_text][\/vc_column_inner][\/vc_row_inner][\/vc_column][vc_column width=&#8221;1\/2&#8243;][vc_column_text]\n<h3>Pour information<\/h3>\n[\/vc_column_text]\n<div class=\"wpcf7 no-js\" id=\"wpcf7-f530-o1\" lang=\"en-US\" dir=\"ltr\" data-wpcf7-id=\"530\">\n<div class=\"screen-reader-response\"><p role=\"status\" aria-live=\"polite\" aria-atomic=\"true\"><\/p> <ul><\/ul><\/div>\n<form action=\"\/en\/wp-json\/wp\/v2\/pages\/152#wpcf7-f530-o1\" method=\"post\" class=\"wpcf7-form init\" aria-label=\"Contact form\" novalidate=\"novalidate\" data-status=\"init\">\n<fieldset class=\"hidden-fields-container\"><input type=\"hidden\" name=\"_wpcf7\" value=\"530\" \/><input type=\"hidden\" name=\"_wpcf7_version\" value=\"6.1.5\" \/><input type=\"hidden\" name=\"_wpcf7_locale\" value=\"en_US\" \/><input type=\"hidden\" name=\"_wpcf7_unit_tag\" value=\"wpcf7-f530-o1\" \/><input type=\"hidden\" name=\"_wpcf7_container_post\" value=\"0\" \/><input type=\"hidden\" name=\"_wpcf7_posted_data_hash\" value=\"\" \/><input type=\"hidden\" name=\"_wpcf7_recaptcha_response\" value=\"\" \/>\n<\/fieldset>\n<p><span class=\"wpcf7-form-control-wrap\" data-name=\"nom\"><input size=\"40\" maxlength=\"400\" class=\"wpcf7-form-control wpcf7-text wpcf7-validates-as-required\" aria-required=\"true\" aria-invalid=\"false\" placeholder=\"Name *\" value=\"\" type=\"text\" name=\"nom\" \/><\/span>\n<\/p>\n<p><span class=\"wpcf7-form-control-wrap\" data-name=\"entreprise\"><input size=\"40\" maxlength=\"400\" class=\"wpcf7-form-control wpcf7-text wpcf7-validates-as-required\" aria-required=\"true\" aria-invalid=\"false\" placeholder=\"Company *\" value=\"\" type=\"text\" name=\"entreprise\" \/><\/span>\n<\/p>\n<p><span class=\"wpcf7-form-control-wrap\" data-name=\"courriel\"><input size=\"40\" maxlength=\"400\" class=\"wpcf7-form-control wpcf7-email wpcf7-validates-as-required wpcf7-text wpcf7-validates-as-email\" aria-required=\"true\" aria-invalid=\"false\" placeholder=\"Email *\" value=\"\" type=\"email\" name=\"courriel\" \/><\/span>\n<\/p>\n<p><span class=\"wpcf7-form-control-wrap\" data-name=\"telephone\"><input size=\"40\" maxlength=\"400\" class=\"wpcf7-form-control wpcf7-text\" aria-invalid=\"false\" placeholder=\"Phone\" value=\"\" type=\"text\" name=\"telephone\" \/><\/span>\n<\/p>\n<p><span class=\"wpcf7-form-control-wrap\" data-name=\"message\"><textarea cols=\"40\" rows=\"10\" maxlength=\"2000\" class=\"wpcf7-form-control wpcf7-textarea\" aria-invalid=\"false\" placeholder=\"Message\" name=\"message\"><\/textarea><\/span>\n<\/p>\n<span class=\"wpcf7-form-control-wrap recaptcha\" data-name=\"recaptcha\"><span data-sitekey=\"6LfhLTMpAAAAAOyvNuyCHcN8Gfxn4vRyUIb5MU06\" class=\"wpcf7-form-control wpcf7-recaptcha g-recaptcha\"><\/span>\r\n<noscript>\r\n\t<div class=\"grecaptcha-noscript\">\r\n\t\t<iframe loading=\"lazy\" src=\"https:\/\/www.google.com\/recaptcha\/api\/fallback?k=6LfhLTMpAAAAAOyvNuyCHcN8Gfxn4vRyUIb5MU06\" frameborder=\"0\" scrolling=\"no\" width=\"310\" height=\"430\">\r\n\t\t<\/iframe>\r\n\t\t<textarea name=\"g-recaptcha-response\" rows=\"3\" cols=\"40\" placeholder=\"reCaptcha Response Here\">\r\n\t\t<\/textarea>\r\n\t<\/div>\r\n<\/noscript>\r\n<\/span>\n<p><input class=\"wpcf7-form-control wpcf7-submit has-spinner\" type=\"submit\" value=\"Submit\" \/>\n<\/p><div class=\"wpcf7-response-output\" aria-hidden=\"true\"><\/div>\n<\/form>\n<\/div>\n[\/vc_column][\/vc_row]\n<\/div>","protected":false},"excerpt":{"rendered":"<p>[vc_row][vc_column width=&#8221;1\/2&#8243;][vc_row_inner][vc_column_inner width=&#8221;1\/2&#8243;][mk_advanced_gmaps latitude=&#8221;45.3814313&#8243; longitude=&#8221;-72.7645363&#8243; address=&#8221;Outils Concept &#8211; Granby&#8221; height=&#8221;200&#8243; pan_control=&#8221;false&#8221; map_type_control=&#8221;false&#8221;][\/vc_column_inner][vc_column_inner width=&#8221;1\/2&#8243;][vc_column_text css=&#8221;.vc_custom_1694523681059{margin-bottom: 0px !important;}&#8221;] Granby 895, boulevard Industriel Granby (Quebec) J2J 1A6 Phone: 450 777-7159 Fax: 450 777-1591[\/vc_column_text][\/vc_column_inner][\/vc_row_inner][vc_row_inner css=&#8221;.vc_custom_1446055950607{margin-top: 20px !important;padding-top: 0px !important;padding-right: 0px !important;padding-bottom: 0px !important;padding-left: 0px !important;}&#8221;][vc_column_inner width=&#8221;1\/2&#8243;][mk_advanced_gmaps latitude=&#8221;45.3318257&#8243; longitude=&#8221;-72.4529045&#8243; address=&#8221;Outils Concept &#8211; Stukely Sud&#8221; height=&#8221;200&#8243; pan_control=&#8221;false&#8221; map_type_control=&#8221;false&#8221; zoom=&#8221;11&#8243;][\/vc_column_inner][vc_column_inner width=&#8221;1\/2&#8243;][vc_column_text css=&#8221;.vc_custom_1694523693700{margin-bottom: [&hellip;]<\/p>\n","protected":false},"author":1,"featured_media":0,"parent":0,"menu_order":0,"comment_status":"closed","ping_status":"closed","template":"","meta":{"inline_featured_image":false,"footnotes":""},"class_list":["post-152","page","type-page","status-publish","hentry"],"yoast_head":"<!-- This site is optimized with the Yoast SEO plugin v27.1.1 - https:\/\/yoast.com\/product\/yoast-seo-wordpress\/ -->\n<title>Contact us | Outils Concept<\/title>\n<meta name=\"description\" content=\"Situ\u00e9 \u00e0 Granby et Stukely en Estrie, Outils Concept est sp\u00e9cialis\u00e9 en conception et fabrication de poin\u00e7ons matrices.\" \/>\n<meta name=\"robots\" content=\"index, follow, max-snippet:-1, max-image-preview:large, max-video-preview:-1\" \/>\n<link rel=\"canonical\" href=\"https:\/\/outils-concept.com\/en\/contact-us\/\" \/>\n<meta property=\"og:locale\" content=\"en_US\" \/>\n<meta property=\"og:type\" content=\"article\" \/>\n<meta property=\"og:title\" content=\"Contact us | Outils Concept\" \/>\n<meta property=\"og:description\" content=\"Situ\u00e9 \u00e0 Granby et Stukely en Estrie, Outils Concept est sp\u00e9cialis\u00e9 en conception et fabrication de poin\u00e7ons matrices.\" \/>\n<meta property=\"og:url\" content=\"https:\/\/outils-concept.com\/en\/contact-us\/\" \/>\n<meta property=\"og:site_name\" content=\"Outils Concept\" \/>\n<meta property=\"article:publisher\" content=\"https:\/\/www.facebook.com\/Outils-Concept-Inc-275106689231492\/?fref=ts\" \/>\n<meta property=\"article:modified_time\" content=\"2023-12-16T01:45:16+00:00\" \/>\n<script type=\"application\/ld+json\" class=\"yoast-schema-graph\">{\"@context\":\"https:\/\/schema.org\",\"@graph\":[{\"@type\":\"WebPage\",\"@id\":\"https:\/\/outils-concept.com\/en\/contact-us\/\",\"url\":\"https:\/\/outils-concept.com\/en\/contact-us\/\",\"name\":\"Contact us | Outils Concept\",\"isPartOf\":{\"@id\":\"https:\/\/outils-concept.com\/en\/#website\"},\"datePublished\":\"2015-10-28T16:44:40+00:00\",\"dateModified\":\"2023-12-16T01:45:16+00:00\",\"description\":\"Situ\u00e9 \u00e0 Granby et Stukely en Estrie, Outils Concept est sp\u00e9cialis\u00e9 en conception et fabrication de poin\u00e7ons matrices.\",\"breadcrumb\":{\"@id\":\"https:\/\/outils-concept.com\/en\/contact-us\/#breadcrumb\"},\"inLanguage\":\"en-CA\",\"potentialAction\":[{\"@type\":\"ReadAction\",\"target\":[\"https:\/\/outils-concept.com\/en\/contact-us\/\"]}]},{\"@type\":\"BreadcrumbList\",\"@id\":\"https:\/\/outils-concept.com\/en\/contact-us\/#breadcrumb\",\"itemListElement\":[{\"@type\":\"ListItem\",\"position\":1,\"name\":\"Outils Concept\",\"item\":\"https:\/\/outils-concept.com\/en\/\"},{\"@type\":\"ListItem\",\"position\":2,\"name\":\"Contact us\"}]},{\"@type\":\"WebSite\",\"@id\":\"https:\/\/outils-concept.com\/en\/#website\",\"url\":\"https:\/\/outils-concept.com\/en\/\",\"name\":\"Outils Concept\",\"description\":\"\",\"publisher\":{\"@id\":\"https:\/\/outils-concept.com\/en\/#organization\"},\"potentialAction\":[{\"@type\":\"SearchAction\",\"target\":{\"@type\":\"EntryPoint\",\"urlTemplate\":\"https:\/\/outils-concept.com\/en\/?s={search_term_string}\"},\"query-input\":{\"@type\":\"PropertyValueSpecification\",\"valueRequired\":true,\"valueName\":\"search_term_string\"}}],\"inLanguage\":\"en-CA\"},{\"@type\":\"Organization\",\"@id\":\"https:\/\/outils-concept.com\/en\/#organization\",\"name\":\"Outils Concept\",\"url\":\"https:\/\/outils-concept.com\/en\/\",\"logo\":{\"@type\":\"ImageObject\",\"inLanguage\":\"en-CA\",\"@id\":\"https:\/\/outils-concept.com\/en\/#\/schema\/logo\/image\/\",\"url\":\"https:\/\/outils-concept.com\/wp-content\/uploads\/logo-outils-concept.png\",\"contentUrl\":\"https:\/\/outils-concept.com\/wp-content\/uploads\/logo-outils-concept.png\",\"width\":270,\"height\":134,\"caption\":\"Outils Concept\"},\"image\":{\"@id\":\"https:\/\/outils-concept.com\/en\/#\/schema\/logo\/image\/\"},\"sameAs\":[\"https:\/\/www.facebook.com\/Outils-Concept-Inc-275106689231492\/?fref=ts\"]}]}<\/script>\n<!-- \/ Yoast SEO plugin. -->","yoast_head_json":{"title":"Contact us | Outils Concept","description":"Situ\u00e9 \u00e0 Granby et Stukely en Estrie, Outils Concept est sp\u00e9cialis\u00e9 en conception et fabrication de poin\u00e7ons matrices.","robots":{"index":"index","follow":"follow","max-snippet":"max-snippet:-1","max-image-preview":"max-image-preview:large","max-video-preview":"max-video-preview:-1"},"canonical":"https:\/\/outils-concept.com\/en\/contact-us\/","og_locale":"en_US","og_type":"article","og_title":"Contact us | Outils Concept","og_description":"Situ\u00e9 \u00e0 Granby et Stukely en Estrie, Outils Concept est sp\u00e9cialis\u00e9 en conception et fabrication de poin\u00e7ons matrices.","og_url":"https:\/\/outils-concept.com\/en\/contact-us\/","og_site_name":"Outils Concept","article_publisher":"https:\/\/www.facebook.com\/Outils-Concept-Inc-275106689231492\/?fref=ts","article_modified_time":"2023-12-16T01:45:16+00:00","schema":{"@context":"https:\/\/schema.org","@graph":[{"@type":"WebPage","@id":"https:\/\/outils-concept.com\/en\/contact-us\/","url":"https:\/\/outils-concept.com\/en\/contact-us\/","name":"Contact us | Outils Concept","isPartOf":{"@id":"https:\/\/outils-concept.com\/en\/#website"},"datePublished":"2015-10-28T16:44:40+00:00","dateModified":"2023-12-16T01:45:16+00:00","description":"Situ\u00e9 \u00e0 Granby et Stukely en Estrie, Outils Concept est sp\u00e9cialis\u00e9 en conception et fabrication de poin\u00e7ons matrices.","breadcrumb":{"@id":"https:\/\/outils-concept.com\/en\/contact-us\/#breadcrumb"},"inLanguage":"en-CA","potentialAction":[{"@type":"ReadAction","target":["https:\/\/outils-concept.com\/en\/contact-us\/"]}]},{"@type":"BreadcrumbList","@id":"https:\/\/outils-concept.com\/en\/contact-us\/#breadcrumb","itemListElement":[{"@type":"ListItem","position":1,"name":"Outils Concept","item":"https:\/\/outils-concept.com\/en\/"},{"@type":"ListItem","position":2,"name":"Contact us"}]},{"@type":"WebSite","@id":"https:\/\/outils-concept.com\/en\/#website","url":"https:\/\/outils-concept.com\/en\/","name":"Outils Concept","description":"","publisher":{"@id":"https:\/\/outils-concept.com\/en\/#organization"},"potentialAction":[{"@type":"SearchAction","target":{"@type":"EntryPoint","urlTemplate":"https:\/\/outils-concept.com\/en\/?s={search_term_string}"},"query-input":{"@type":"PropertyValueSpecification","valueRequired":true,"valueName":"search_term_string"}}],"inLanguage":"en-CA"},{"@type":"Organization","@id":"https:\/\/outils-concept.com\/en\/#organization","name":"Outils Concept","url":"https:\/\/outils-concept.com\/en\/","logo":{"@type":"ImageObject","inLanguage":"en-CA","@id":"https:\/\/outils-concept.com\/en\/#\/schema\/logo\/image\/","url":"https:\/\/outils-concept.com\/wp-content\/uploads\/logo-outils-concept.png","contentUrl":"https:\/\/outils-concept.com\/wp-content\/uploads\/logo-outils-concept.png","width":270,"height":134,"caption":"Outils Concept"},"image":{"@id":"https:\/\/outils-concept.com\/en\/#\/schema\/logo\/image\/"},"sameAs":["https:\/\/www.facebook.com\/Outils-Concept-Inc-275106689231492\/?fref=ts"]}]}},"_links":{"self":[{"href":"https:\/\/outils-concept.com\/en\/wp-json\/wp\/v2\/pages\/152","targetHints":{"allow":["GET"]}}],"collection":[{"href":"https:\/\/outils-concept.com\/en\/wp-json\/wp\/v2\/pages"}],"about":[{"href":"https:\/\/outils-concept.com\/en\/wp-json\/wp\/v2\/types\/page"}],"author":[{"embeddable":true,"href":"https:\/\/outils-concept.com\/en\/wp-json\/wp\/v2\/users\/1"}],"replies":[{"embeddable":true,"href":"https:\/\/outils-concept.com\/en\/wp-json\/wp\/v2\/comments?post=152"}],"version-history":[{"count":18,"href":"https:\/\/outils-concept.com\/en\/wp-json\/wp\/v2\/pages\/152\/revisions"}],"predecessor-version":[{"id":757,"href":"https:\/\/outils-concept.com\/en\/wp-json\/wp\/v2\/pages\/152\/revisions\/757"}],"wp:attachment":[{"href":"https:\/\/outils-concept.com\/en\/wp-json\/wp\/v2\/media?parent=152"}],"curies":[{"name":"wp","href":"https:\/\/api.w.org\/{rel}","templated":true}]}}