{"id":107,"date":"2015-10-28T12:43:55","date_gmt":"2015-10-28T16:43:55","guid":{"rendered":"http:\/\/www.outils-concept.com\/index2.php\/en\/?page_id=107"},"modified":"2026-03-11T20:20:37","modified_gmt":"2026-03-12T00:20:37","slug":"company","status":"publish","type":"page","link":"https:\/\/outils-concept.com\/en\/about-us\/company\/","title":{"rendered":"The company"},"content":{"rendered":"<div class=\"wpb-content-wrapper\">[vc_row][vc_column width=&#8221;2\/3&#8243;][vc_row_inner][vc_column_inner width=&#8221;1\/2&#8243; css=&#8221;.vc_custom_1688062505788{padding-top: 0px !important;padding-right: 0px !important;padding-bottom: 0px !important;padding-left: 0px !important;}&#8221;][vc_single_image image=&#8221;88&#8243; img_size=&#8221;full&#8221; style=&#8221;vc_box_shadow_border&#8221; onclick=&#8221;link_image&#8221; el_class=&#8221;fullwidth&#8221;][\/vc_column_inner][vc_column_inner width=&#8221;1\/2&#8243; css=&#8221;.vc_custom_1688062511850{padding-top: 0px !important;padding-right: 0px !important;padding-bottom: 0px !important;padding-left: 0px !important;}&#8221;][vc_single_image image=&#8221;89&#8243; img_size=&#8221;full&#8221; style=&#8221;vc_box_shadow_border&#8221; onclick=&#8221;link_image&#8221; el_class=&#8221;fullwidth&#8221;][\/vc_column_inner][\/vc_row_inner][vc_empty_space height=&#8221;16px&#8221;][vc_column_text]<strong>Outils Concept inc.<\/strong> is a leader in is field of activity specializing in the conception and fabrication of manual, progressive and automatic transfer tool and die as well as the execution of specific work on order according to the specific request of our customers. A die achieved by <strong>Outils Concept inc.<\/strong> is a unique tool with the maximum precision to reach your highest expectation and it\u2019s this same precision that you will retrieve in each and every use. To accomplish this, the company has imposed itself the highest quality standard both into our human resources and the choice of technologies available.<\/p>\n<p>Firmly established in the heart of the eastern township in the city of South Stukely since 1995, the company has seen its surface pass from 10\u00a0000sf to 16\u00a0000sf in 2008. Already planning an expansion of the company expected in 2015, an unpredicted event has speeded up the process. In order to ensure the growth of the business, the financial partner took a major business decision by doing the acquisition of a second plant with a surface area of 19\u00a0400sf located in the middle of the Granby industrial park. At the present time <strong>Outils Concept inc.<\/strong> it\u2019s:<\/p>\n<ul>\n<li>Two plant with the headquarter located in Granby<\/li>\n<li>A total surface area of 35\u00a0400sf\n<ul>\n<li>Granby 19\u00a0400sf; conception activity, drawing, machining operation and administration.<\/li>\n<li>Stukely-Sud 16\u00a0000sf; mechanical assembling, die testing, production and shipping.<\/li>\n<\/ul>\n<\/li>\n<li>Customer across Canada, also and mainly from the USA and Mexico.<\/li>\n<li>Market segment like automotive, appliance , recreational vehicle and industrial business<\/li>\n<\/ul>\n<p><strong>Outils Concept inc.<\/strong> animated by its three owners, where each one enjoys an excellent reputation in their fields. Together, they strongly believe to hoist their company on the level of excellence in the matter of delight of their customers, to deliver a product of quality within shorter lead times. They knew to be surrounded by qualified partners and employees. All form a team determined to achieve the laid down goals. The company has up to date equipments and will continue to invest in the new equipment necessary to the satisfaction of the needs for their customers.[\/vc_column_text][\/vc_column][vc_column width=&#8221;1\/3&#8243;][vc_column_text]\n<h2>Our mission<\/h2>\n<p>OUTILS CONCEPTS INC. Proudly provide\u00a0to our customers, all our knowledge and\u00a0technical means to design, make,\u00a0assemble and deliver in timely fashion\u00a0a performent and quality tooling.<\/p>\n<p>OUTILS CONCEPTS INC., with his team of supplier and employees is animated\u00a0with desire to become first class supplier\u00a0for his customers.\u00a0We are ready to have your challenges.[\/vc_column_text][vc_column_text]\n<h2>Our sectors<\/h2>\n<ul class=\"list-slash\">\n<li>Automotive<\/li>\n<li>Household appliance<\/li>\n<li>Electronics<\/li>\n<li>Industrial<\/li>\n<li>And more<\/li>\n<\/ul>\n[\/vc_column_text][vc_empty_space height=&#8221;20px&#8221;][vc_single_image image=&#8221;750&#8243; img_size=&#8221;full&#8221; alignment=&#8221;center&#8221; onclick=&#8221;custom_link&#8221; img_link_target=&#8221;_blank&#8221; css=&#8221;&#8221; link=&#8221;https:\/\/outils-concept.com\/wp-content\/uploads\/01_ft-cs-9001_certificat_an_58189-1-04.pdf&#8221;][vc_column_text margin_bottom=&#8221;0&#8243; css=&#8221;.vc_custom_1773274834393{margin-bottom: 0px !important;}&#8221;]\n<p style=\"text-align: center; line-height: 1rem !important; margin-top: 15px;\"><a href=\"https:\/\/outils-concept.com\/wp-content\/uploads\/01_ft-cs-9001_certificat_an_58189-1-04.pdf\" target=\"_blank\" rel=\"noopener\"><small>Click to view the certificate and the scope of certification<\/small><\/a><\/p>\n[\/vc_column_text][vc_empty_space][vc_single_image image=&#8221;723&#8243; img_size=&#8221;full&#8221; alignment=&#8221;center&#8221; onclick=&#8221;custom_link&#8221; img_link_target=&#8221;_blank&#8221; css=&#8221;&#8221; link=&#8221;https:\/\/outils-concept.com\/wp-content\/uploads\/asb_soa_151309_v4_2026-02-25_en.pdf&#8221;][vc_column_text disable_pattern=&#8221;false&#8221; align=&#8221;center&#8221; el_class=&#8221;text-ccn&#8221; css=&#8221;.vc_custom_1693937960770{margin-bottom: 0px !important;}&#8221;]\n<h4>ISO 17025:2017<\/h4>\n[\/vc_column_text][vc_column_text css=&#8221;.vc_custom_1772366767610{margin-bottom: 0px !important;}&#8221;]\n<p style=\"text-align: center; line-height: 1rem !important; margin-top: 15px;\"><a href=\"https:\/\/outils-concept.com\/wp-content\/uploads\/asb_soa_151309_v4_2026-02-25_en.pdf\" target=\"_blank\" rel=\"noopener\"><small>Click to view the certificate and the scope of certification<\/small><\/a><\/p>\n[\/vc_column_text][vc_empty_space][vc_single_image image=&#8221;557&#8243; img_size=&#8221;full&#8221; alignment=&#8221;center&#8221; onclick=&#8221;custom_link&#8221; img_link_target=&#8221;_blank&#8221; link=&#8221;https:\/\/outils-concept.com\/wp-content\/uploads\/ecoresponsable.pdf&#8221;][\/vc_column][\/vc_row]\n<\/div>","protected":false},"excerpt":{"rendered":"<p>[vc_row][vc_column width=&#8221;2\/3&#8243;][vc_row_inner][vc_column_inner width=&#8221;1\/2&#8243; css=&#8221;.vc_custom_1688062505788{padding-top: 0px !important;padding-right: 0px !important;padding-bottom: 0px !important;padding-left: 0px !important;}&#8221;][vc_single_image image=&#8221;88&#8243; img_size=&#8221;full&#8221; style=&#8221;vc_box_shadow_border&#8221; onclick=&#8221;link_image&#8221; el_class=&#8221;fullwidth&#8221;][\/vc_column_inner][vc_column_inner width=&#8221;1\/2&#8243; css=&#8221;.vc_custom_1688062511850{padding-top: 0px !important;padding-right: 0px !important;padding-bottom: 0px !important;padding-left: 0px !important;}&#8221;][vc_single_image image=&#8221;89&#8243; img_size=&#8221;full&#8221; style=&#8221;vc_box_shadow_border&#8221; onclick=&#8221;link_image&#8221; el_class=&#8221;fullwidth&#8221;][\/vc_column_inner][\/vc_row_inner][vc_empty_space height=&#8221;16px&#8221;][vc_column_text]Outils Concept inc. is a leader in is field of activity specializing in the conception and fabrication of manual, progressive and automatic transfer [&hellip;]<\/p>\n","protected":false},"author":1,"featured_media":0,"parent":150,"menu_order":0,"comment_status":"closed","ping_status":"closed","template":"","meta":{"inline_featured_image":false,"footnotes":""},"class_list":["post-107","page","type-page","status-publish","hentry"],"yoast_head":"<!-- This site is optimized with the Yoast SEO plugin v27.1.1 - https:\/\/yoast.com\/product\/yoast-seo-wordpress\/ -->\n<title>The company | Outils Concept<\/title>\n<meta name=\"description\" content=\"Situ\u00e9 \u00e0 Granby et Stukely en Estrie, Outils Concept est sp\u00e9cialis\u00e9 en conception et fabrication de poin\u00e7ons matrices.\" \/>\n<meta name=\"robots\" content=\"index, follow, max-snippet:-1, max-image-preview:large, max-video-preview:-1\" \/>\n<link rel=\"canonical\" href=\"https:\/\/outils-concept.com\/en\/about-us\/company\/\" \/>\n<meta property=\"og:locale\" content=\"en_US\" \/>\n<meta property=\"og:type\" content=\"article\" \/>\n<meta property=\"og:title\" content=\"The company | Outils Concept\" \/>\n<meta property=\"og:description\" content=\"Situ\u00e9 \u00e0 Granby et Stukely en Estrie, Outils Concept est sp\u00e9cialis\u00e9 en conception et fabrication de poin\u00e7ons matrices.\" \/>\n<meta property=\"og:url\" content=\"https:\/\/outils-concept.com\/en\/about-us\/company\/\" \/>\n<meta property=\"og:site_name\" content=\"Outils Concept\" \/>\n<meta property=\"article:publisher\" content=\"https:\/\/www.facebook.com\/Outils-Concept-Inc-275106689231492\/?fref=ts\" \/>\n<meta property=\"article:modified_time\" content=\"2026-03-12T00:20:37+00:00\" \/>\n<script type=\"application\/ld+json\" class=\"yoast-schema-graph\">{\"@context\":\"https:\/\/schema.org\",\"@graph\":[{\"@type\":\"WebPage\",\"@id\":\"https:\/\/outils-concept.com\/en\/about-us\/company\/\",\"url\":\"https:\/\/outils-concept.com\/en\/about-us\/company\/\",\"name\":\"The company | Outils Concept\",\"isPartOf\":{\"@id\":\"https:\/\/outils-concept.com\/en\/#website\"},\"datePublished\":\"2015-10-28T16:43:55+00:00\",\"dateModified\":\"2026-03-12T00:20:37+00:00\",\"description\":\"Situ\u00e9 \u00e0 Granby et Stukely en Estrie, Outils Concept est sp\u00e9cialis\u00e9 en conception et fabrication de poin\u00e7ons matrices.\",\"breadcrumb\":{\"@id\":\"https:\/\/outils-concept.com\/en\/about-us\/company\/#breadcrumb\"},\"inLanguage\":\"en-CA\",\"potentialAction\":[{\"@type\":\"ReadAction\",\"target\":[\"https:\/\/outils-concept.com\/en\/about-us\/company\/\"]}]},{\"@type\":\"BreadcrumbList\",\"@id\":\"https:\/\/outils-concept.com\/en\/about-us\/company\/#breadcrumb\",\"itemListElement\":[{\"@type\":\"ListItem\",\"position\":1,\"name\":\"Outils Concept\",\"item\":\"https:\/\/outils-concept.com\/en\/\"},{\"@type\":\"ListItem\",\"position\":2,\"name\":\"About us\",\"item\":\"https:\/\/outils-concept.com\/en\/about-us\/\"},{\"@type\":\"ListItem\",\"position\":3,\"name\":\"The company\"}]},{\"@type\":\"WebSite\",\"@id\":\"https:\/\/outils-concept.com\/en\/#website\",\"url\":\"https:\/\/outils-concept.com\/en\/\",\"name\":\"Outils Concept\",\"description\":\"\",\"publisher\":{\"@id\":\"https:\/\/outils-concept.com\/en\/#organization\"},\"potentialAction\":[{\"@type\":\"SearchAction\",\"target\":{\"@type\":\"EntryPoint\",\"urlTemplate\":\"https:\/\/outils-concept.com\/en\/?s={search_term_string}\"},\"query-input\":{\"@type\":\"PropertyValueSpecification\",\"valueRequired\":true,\"valueName\":\"search_term_string\"}}],\"inLanguage\":\"en-CA\"},{\"@type\":\"Organization\",\"@id\":\"https:\/\/outils-concept.com\/en\/#organization\",\"name\":\"Outils Concept\",\"url\":\"https:\/\/outils-concept.com\/en\/\",\"logo\":{\"@type\":\"ImageObject\",\"inLanguage\":\"en-CA\",\"@id\":\"https:\/\/outils-concept.com\/en\/#\/schema\/logo\/image\/\",\"url\":\"https:\/\/outils-concept.com\/wp-content\/uploads\/logo-outils-concept.png\",\"contentUrl\":\"https:\/\/outils-concept.com\/wp-content\/uploads\/logo-outils-concept.png\",\"width\":270,\"height\":134,\"caption\":\"Outils Concept\"},\"image\":{\"@id\":\"https:\/\/outils-concept.com\/en\/#\/schema\/logo\/image\/\"},\"sameAs\":[\"https:\/\/www.facebook.com\/Outils-Concept-Inc-275106689231492\/?fref=ts\"]}]}<\/script>\n<!-- \/ Yoast SEO plugin. -->","yoast_head_json":{"title":"The company | Outils Concept","description":"Situ\u00e9 \u00e0 Granby et Stukely en Estrie, Outils Concept est sp\u00e9cialis\u00e9 en conception et fabrication de poin\u00e7ons matrices.","robots":{"index":"index","follow":"follow","max-snippet":"max-snippet:-1","max-image-preview":"max-image-preview:large","max-video-preview":"max-video-preview:-1"},"canonical":"https:\/\/outils-concept.com\/en\/about-us\/company\/","og_locale":"en_US","og_type":"article","og_title":"The company | Outils Concept","og_description":"Situ\u00e9 \u00e0 Granby et Stukely en Estrie, Outils Concept est sp\u00e9cialis\u00e9 en conception et fabrication de poin\u00e7ons matrices.","og_url":"https:\/\/outils-concept.com\/en\/about-us\/company\/","og_site_name":"Outils Concept","article_publisher":"https:\/\/www.facebook.com\/Outils-Concept-Inc-275106689231492\/?fref=ts","article_modified_time":"2026-03-12T00:20:37+00:00","schema":{"@context":"https:\/\/schema.org","@graph":[{"@type":"WebPage","@id":"https:\/\/outils-concept.com\/en\/about-us\/company\/","url":"https:\/\/outils-concept.com\/en\/about-us\/company\/","name":"The company | Outils Concept","isPartOf":{"@id":"https:\/\/outils-concept.com\/en\/#website"},"datePublished":"2015-10-28T16:43:55+00:00","dateModified":"2026-03-12T00:20:37+00:00","description":"Situ\u00e9 \u00e0 Granby et Stukely en Estrie, Outils Concept est sp\u00e9cialis\u00e9 en conception et fabrication de poin\u00e7ons matrices.","breadcrumb":{"@id":"https:\/\/outils-concept.com\/en\/about-us\/company\/#breadcrumb"},"inLanguage":"en-CA","potentialAction":[{"@type":"ReadAction","target":["https:\/\/outils-concept.com\/en\/about-us\/company\/"]}]},{"@type":"BreadcrumbList","@id":"https:\/\/outils-concept.com\/en\/about-us\/company\/#breadcrumb","itemListElement":[{"@type":"ListItem","position":1,"name":"Outils Concept","item":"https:\/\/outils-concept.com\/en\/"},{"@type":"ListItem","position":2,"name":"About us","item":"https:\/\/outils-concept.com\/en\/about-us\/"},{"@type":"ListItem","position":3,"name":"The company"}]},{"@type":"WebSite","@id":"https:\/\/outils-concept.com\/en\/#website","url":"https:\/\/outils-concept.com\/en\/","name":"Outils Concept","description":"","publisher":{"@id":"https:\/\/outils-concept.com\/en\/#organization"},"potentialAction":[{"@type":"SearchAction","target":{"@type":"EntryPoint","urlTemplate":"https:\/\/outils-concept.com\/en\/?s={search_term_string}"},"query-input":{"@type":"PropertyValueSpecification","valueRequired":true,"valueName":"search_term_string"}}],"inLanguage":"en-CA"},{"@type":"Organization","@id":"https:\/\/outils-concept.com\/en\/#organization","name":"Outils Concept","url":"https:\/\/outils-concept.com\/en\/","logo":{"@type":"ImageObject","inLanguage":"en-CA","@id":"https:\/\/outils-concept.com\/en\/#\/schema\/logo\/image\/","url":"https:\/\/outils-concept.com\/wp-content\/uploads\/logo-outils-concept.png","contentUrl":"https:\/\/outils-concept.com\/wp-content\/uploads\/logo-outils-concept.png","width":270,"height":134,"caption":"Outils Concept"},"image":{"@id":"https:\/\/outils-concept.com\/en\/#\/schema\/logo\/image\/"},"sameAs":["https:\/\/www.facebook.com\/Outils-Concept-Inc-275106689231492\/?fref=ts"]}]}},"_links":{"self":[{"href":"https:\/\/outils-concept.com\/en\/wp-json\/wp\/v2\/pages\/107","targetHints":{"allow":["GET"]}}],"collection":[{"href":"https:\/\/outils-concept.com\/en\/wp-json\/wp\/v2\/pages"}],"about":[{"href":"https:\/\/outils-concept.com\/en\/wp-json\/wp\/v2\/types\/page"}],"author":[{"embeddable":true,"href":"https:\/\/outils-concept.com\/en\/wp-json\/wp\/v2\/users\/1"}],"replies":[{"embeddable":true,"href":"https:\/\/outils-concept.com\/en\/wp-json\/wp\/v2\/comments?post=107"}],"version-history":[{"count":32,"href":"https:\/\/outils-concept.com\/en\/wp-json\/wp\/v2\/pages\/107\/revisions"}],"predecessor-version":[{"id":792,"href":"https:\/\/outils-concept.com\/en\/wp-json\/wp\/v2\/pages\/107\/revisions\/792"}],"up":[{"embeddable":true,"href":"https:\/\/outils-concept.com\/en\/wp-json\/wp\/v2\/pages\/150"}],"wp:attachment":[{"href":"https:\/\/outils-concept.com\/en\/wp-json\/wp\/v2\/media?parent=107"}],"curies":[{"name":"wp","href":"https:\/\/api.w.org\/{rel}","templated":true}]}}