{"id":105,"date":"2015-10-29T14:32:39","date_gmt":"2015-10-29T18:32:39","guid":{"rendered":"http:\/\/www.outils-concept.com\/index2.php\/en\/?page_id=105"},"modified":"2016-01-19T11:15:12","modified_gmt":"2016-01-19T16:15:12","slug":"our-team","status":"publish","type":"page","link":"https:\/\/outils-concept.com\/en\/about-us\/our-team\/","title":{"rendered":"Our team"},"content":{"rendered":"<div class=\"wpb-content-wrapper\">[vc_row][vc_column][mk_employees style=&#8221;classic&#8221;][vc_column_text]\n<h2>Our employees<\/h2>\n[\/vc_column_text][\/vc_column][\/vc_row][vc_row][vc_column width=&#8221;1\/3&#8243;][vc_column_text]\n<ul class=\"list-slash\">\n<li>Administrative technicians<\/li>\n<li>Mechanical engineering<\/li>\n<li>Mechanical engineering technicians<\/li>\n<\/ul>\n[\/vc_column_text][\/vc_column][vc_column width=&#8221;1\/3&#8243;][vc_column_text]\n<ul class=\"list-slash\">\n<li>Drafting technicians<\/li>\n<li>Toolmakers<\/li>\n<li>Machinists<\/li>\n<\/ul>\n[\/vc_column_text][\/vc_column][vc_column width=&#8221;1\/3&#8243;][vc_column_text]\n<ul class=\"list-slash\">\n<li>Compile many years of experience<\/li>\n<li>Autonomous<\/li>\n<li>Team workers<\/li>\n<\/ul>\n[\/vc_column_text][\/vc_column][\/vc_row]\n<\/div>","protected":false},"excerpt":{"rendered":"<p>[vc_row][vc_column][mk_employees style=&#8221;classic&#8221;][vc_column_text] Our employees [\/vc_column_text][\/vc_column][\/vc_row][vc_row][vc_column width=&#8221;1\/3&#8243;][vc_column_text] Administrative technicians Mechanical engineering Mechanical engineering technicians [\/vc_column_text][\/vc_column][vc_column width=&#8221;1\/3&#8243;][vc_column_text] Drafting technicians Toolmakers Machinists [\/vc_column_text][\/vc_column][vc_column width=&#8221;1\/3&#8243;][vc_column_text] Compile many years of experience Autonomous Team workers [\/vc_column_text][\/vc_column][\/vc_row]<\/p>\n","protected":false},"author":1,"featured_media":0,"parent":150,"menu_order":0,"comment_status":"closed","ping_status":"closed","template":"","meta":{"inline_featured_image":false,"footnotes":""},"class_list":["post-105","page","type-page","status-publish","hentry"],"yoast_head":"<!-- This site is optimized with the Yoast SEO plugin v27.1.1 - https:\/\/yoast.com\/product\/yoast-seo-wordpress\/ -->\n<title>Our team | Outils Concept<\/title>\n<meta name=\"description\" content=\"Situ\u00e9 \u00e0 Granby et Stukely en Estrie, Outils Concept est sp\u00e9cialis\u00e9 en conception et fabrication de poin\u00e7ons matrices.\" \/>\n<meta name=\"robots\" content=\"index, follow, max-snippet:-1, max-image-preview:large, max-video-preview:-1\" \/>\n<link rel=\"canonical\" href=\"https:\/\/outils-concept.com\/en\/about-us\/our-team\/\" \/>\n<meta property=\"og:locale\" content=\"en_US\" \/>\n<meta property=\"og:type\" content=\"article\" \/>\n<meta property=\"og:title\" content=\"Our team | Outils Concept\" \/>\n<meta property=\"og:description\" content=\"Situ\u00e9 \u00e0 Granby et Stukely en Estrie, Outils Concept est sp\u00e9cialis\u00e9 en conception et fabrication de poin\u00e7ons matrices.\" \/>\n<meta property=\"og:url\" content=\"https:\/\/outils-concept.com\/en\/about-us\/our-team\/\" \/>\n<meta property=\"og:site_name\" content=\"Outils Concept\" \/>\n<meta property=\"article:publisher\" content=\"https:\/\/www.facebook.com\/Outils-Concept-Inc-275106689231492\/?fref=ts\" \/>\n<meta property=\"article:modified_time\" content=\"2016-01-19T16:15:12+00:00\" \/>\n<script type=\"application\/ld+json\" class=\"yoast-schema-graph\">{\"@context\":\"https:\/\/schema.org\",\"@graph\":[{\"@type\":\"WebPage\",\"@id\":\"https:\/\/outils-concept.com\/en\/about-us\/our-team\/\",\"url\":\"https:\/\/outils-concept.com\/en\/about-us\/our-team\/\",\"name\":\"Our team | Outils Concept\",\"isPartOf\":{\"@id\":\"https:\/\/outils-concept.com\/en\/#website\"},\"datePublished\":\"2015-10-29T18:32:39+00:00\",\"dateModified\":\"2016-01-19T16:15:12+00:00\",\"description\":\"Situ\u00e9 \u00e0 Granby et Stukely en Estrie, Outils Concept est sp\u00e9cialis\u00e9 en conception et fabrication de poin\u00e7ons matrices.\",\"breadcrumb\":{\"@id\":\"https:\/\/outils-concept.com\/en\/about-us\/our-team\/#breadcrumb\"},\"inLanguage\":\"en-CA\",\"potentialAction\":[{\"@type\":\"ReadAction\",\"target\":[\"https:\/\/outils-concept.com\/en\/about-us\/our-team\/\"]}]},{\"@type\":\"BreadcrumbList\",\"@id\":\"https:\/\/outils-concept.com\/en\/about-us\/our-team\/#breadcrumb\",\"itemListElement\":[{\"@type\":\"ListItem\",\"position\":1,\"name\":\"Outils Concept\",\"item\":\"https:\/\/outils-concept.com\/en\/\"},{\"@type\":\"ListItem\",\"position\":2,\"name\":\"About us\",\"item\":\"https:\/\/outils-concept.com\/en\/about-us\/\"},{\"@type\":\"ListItem\",\"position\":3,\"name\":\"Our team\"}]},{\"@type\":\"WebSite\",\"@id\":\"https:\/\/outils-concept.com\/en\/#website\",\"url\":\"https:\/\/outils-concept.com\/en\/\",\"name\":\"Outils Concept\",\"description\":\"\",\"publisher\":{\"@id\":\"https:\/\/outils-concept.com\/en\/#organization\"},\"potentialAction\":[{\"@type\":\"SearchAction\",\"target\":{\"@type\":\"EntryPoint\",\"urlTemplate\":\"https:\/\/outils-concept.com\/en\/?s={search_term_string}\"},\"query-input\":{\"@type\":\"PropertyValueSpecification\",\"valueRequired\":true,\"valueName\":\"search_term_string\"}}],\"inLanguage\":\"en-CA\"},{\"@type\":\"Organization\",\"@id\":\"https:\/\/outils-concept.com\/en\/#organization\",\"name\":\"Outils Concept\",\"url\":\"https:\/\/outils-concept.com\/en\/\",\"logo\":{\"@type\":\"ImageObject\",\"inLanguage\":\"en-CA\",\"@id\":\"https:\/\/outils-concept.com\/en\/#\/schema\/logo\/image\/\",\"url\":\"https:\/\/outils-concept.com\/wp-content\/uploads\/logo-outils-concept.png\",\"contentUrl\":\"https:\/\/outils-concept.com\/wp-content\/uploads\/logo-outils-concept.png\",\"width\":270,\"height\":134,\"caption\":\"Outils Concept\"},\"image\":{\"@id\":\"https:\/\/outils-concept.com\/en\/#\/schema\/logo\/image\/\"},\"sameAs\":[\"https:\/\/www.facebook.com\/Outils-Concept-Inc-275106689231492\/?fref=ts\"]}]}<\/script>\n<!-- \/ Yoast SEO plugin. -->","yoast_head_json":{"title":"Our team | Outils Concept","description":"Situ\u00e9 \u00e0 Granby et Stukely en Estrie, Outils Concept est sp\u00e9cialis\u00e9 en conception et fabrication de poin\u00e7ons matrices.","robots":{"index":"index","follow":"follow","max-snippet":"max-snippet:-1","max-image-preview":"max-image-preview:large","max-video-preview":"max-video-preview:-1"},"canonical":"https:\/\/outils-concept.com\/en\/about-us\/our-team\/","og_locale":"en_US","og_type":"article","og_title":"Our team | Outils Concept","og_description":"Situ\u00e9 \u00e0 Granby et Stukely en Estrie, Outils Concept est sp\u00e9cialis\u00e9 en conception et fabrication de poin\u00e7ons matrices.","og_url":"https:\/\/outils-concept.com\/en\/about-us\/our-team\/","og_site_name":"Outils Concept","article_publisher":"https:\/\/www.facebook.com\/Outils-Concept-Inc-275106689231492\/?fref=ts","article_modified_time":"2016-01-19T16:15:12+00:00","schema":{"@context":"https:\/\/schema.org","@graph":[{"@type":"WebPage","@id":"https:\/\/outils-concept.com\/en\/about-us\/our-team\/","url":"https:\/\/outils-concept.com\/en\/about-us\/our-team\/","name":"Our team | Outils Concept","isPartOf":{"@id":"https:\/\/outils-concept.com\/en\/#website"},"datePublished":"2015-10-29T18:32:39+00:00","dateModified":"2016-01-19T16:15:12+00:00","description":"Situ\u00e9 \u00e0 Granby et Stukely en Estrie, Outils Concept est sp\u00e9cialis\u00e9 en conception et fabrication de poin\u00e7ons matrices.","breadcrumb":{"@id":"https:\/\/outils-concept.com\/en\/about-us\/our-team\/#breadcrumb"},"inLanguage":"en-CA","potentialAction":[{"@type":"ReadAction","target":["https:\/\/outils-concept.com\/en\/about-us\/our-team\/"]}]},{"@type":"BreadcrumbList","@id":"https:\/\/outils-concept.com\/en\/about-us\/our-team\/#breadcrumb","itemListElement":[{"@type":"ListItem","position":1,"name":"Outils Concept","item":"https:\/\/outils-concept.com\/en\/"},{"@type":"ListItem","position":2,"name":"About us","item":"https:\/\/outils-concept.com\/en\/about-us\/"},{"@type":"ListItem","position":3,"name":"Our team"}]},{"@type":"WebSite","@id":"https:\/\/outils-concept.com\/en\/#website","url":"https:\/\/outils-concept.com\/en\/","name":"Outils Concept","description":"","publisher":{"@id":"https:\/\/outils-concept.com\/en\/#organization"},"potentialAction":[{"@type":"SearchAction","target":{"@type":"EntryPoint","urlTemplate":"https:\/\/outils-concept.com\/en\/?s={search_term_string}"},"query-input":{"@type":"PropertyValueSpecification","valueRequired":true,"valueName":"search_term_string"}}],"inLanguage":"en-CA"},{"@type":"Organization","@id":"https:\/\/outils-concept.com\/en\/#organization","name":"Outils Concept","url":"https:\/\/outils-concept.com\/en\/","logo":{"@type":"ImageObject","inLanguage":"en-CA","@id":"https:\/\/outils-concept.com\/en\/#\/schema\/logo\/image\/","url":"https:\/\/outils-concept.com\/wp-content\/uploads\/logo-outils-concept.png","contentUrl":"https:\/\/outils-concept.com\/wp-content\/uploads\/logo-outils-concept.png","width":270,"height":134,"caption":"Outils Concept"},"image":{"@id":"https:\/\/outils-concept.com\/en\/#\/schema\/logo\/image\/"},"sameAs":["https:\/\/www.facebook.com\/Outils-Concept-Inc-275106689231492\/?fref=ts"]}]}},"_links":{"self":[{"href":"https:\/\/outils-concept.com\/en\/wp-json\/wp\/v2\/pages\/105","targetHints":{"allow":["GET"]}}],"collection":[{"href":"https:\/\/outils-concept.com\/en\/wp-json\/wp\/v2\/pages"}],"about":[{"href":"https:\/\/outils-concept.com\/en\/wp-json\/wp\/v2\/types\/page"}],"author":[{"embeddable":true,"href":"https:\/\/outils-concept.com\/en\/wp-json\/wp\/v2\/users\/1"}],"replies":[{"embeddable":true,"href":"https:\/\/outils-concept.com\/en\/wp-json\/wp\/v2\/comments?post=105"}],"version-history":[{"count":7,"href":"https:\/\/outils-concept.com\/en\/wp-json\/wp\/v2\/pages\/105\/revisions"}],"predecessor-version":[{"id":527,"href":"https:\/\/outils-concept.com\/en\/wp-json\/wp\/v2\/pages\/105\/revisions\/527"}],"up":[{"embeddable":true,"href":"https:\/\/outils-concept.com\/en\/wp-json\/wp\/v2\/pages\/150"}],"wp:attachment":[{"href":"https:\/\/outils-concept.com\/en\/wp-json\/wp\/v2\/media?parent=105"}],"curies":[{"name":"wp","href":"https:\/\/api.w.org\/{rel}","templated":true}]}}